
{"id":27635,"date":"2025-10-08T10:22:48","date_gmt":"2025-10-08T04:52:48","guid":{"rendered":"https:\/\/developmentuat.kpit.com\/?page_id=27635"},"modified":"2025-10-13T11:18:28","modified_gmt":"2025-10-13T05:48:28","slug":"accelerating-ev-charging-ecosystem-validation-with-digital-twin-platform","status":"publish","type":"page","link":"https:\/\/developmentuat.kpit.com\/de-de\/accelerating-ev-charging-ecosystem-validation-with-digital-twin-platform\/","title":{"rendered":"Beschleunigung der Validierung des \u00d6kosystems f\u00fcr das Laden von Elektrofahrzeugen mithilfe einer digitalen Zwillingsplattform"},"content":{"rendered":"<p><strong>Hauptthema: Virtualisierte\/simulierte\/digitale Zwillingskomponenten eines Lade\u00f6kosystems f\u00fcr die Simulation eines internen\/cloudbasierten End-to-End-Lade\u00f6kosystems<\/strong><\/p>\n<p>Stellen Sie sich vor: Sie sind mit Ihrem Elektroauto auf einer Reise. Sie halten an einer \u00f6ffentlichen Ladestation, stecken das Kabel ein und \u2026 nichts passiert. Frustrierend? Absolut. Laut JD Power ist das leider Realit\u00e4t; es passiert bei etwa 201.040.000 \u00f6ffentlichen Ladeversuchen.<\/p>\n<p>Warum passiert das immer wieder? Die Antwort liegt nicht nur in Hardwarefehlern oder einfach nur in Pech. Es geht um das unsichtbare Netzwerk von Systemen \u2013 Apps, Ladeger\u00e4te, Zahlungsportale, Stromnetze und vieles mehr \u2013, die alle jedes Mal perfekt zusammenarbeiten m\u00fcssen.<\/p>\n<p><img decoding=\"async\" loading=\"lazy\" class=\"alignnone wp-image-27643 size-full\" src=\"https:\/\/developmentuat.kpit.com\/wp-content\/uploads\/2025\/10\/001.png\" alt=\"\" width=\"1600\" height=\"900\" srcset=\"https:\/\/developmentuat.kpit.com\/wp-content\/uploads\/2025\/10\/001.png 1600w, https:\/\/developmentuat.kpit.com\/wp-content\/uploads\/2025\/10\/001-300x169.png 300w, https:\/\/developmentuat.kpit.com\/wp-content\/uploads\/2025\/10\/001-1024x576.png 1024w, https:\/\/developmentuat.kpit.com\/wp-content\/uploads\/2025\/10\/001-768x432.png 768w, https:\/\/developmentuat.kpit.com\/wp-content\/uploads\/2025\/10\/001-1536x864.png 1536w, https:\/\/developmentuat.kpit.com\/wp-content\/uploads\/2025\/10\/001-18x10.png 18w\" sizes=\"auto, (max-width: 1600px) 100vw, 1600px\" \/>Einer der Hauptgr\u00fcnde f\u00fcr das Scheitern \u00f6ffentlicher Ladevorg\u00e4nge von Elektrofahrzeugen ist die enorme Komplexit\u00e4t des \u00d6kosystems. Jeder Ladevorgang erfordert ein reibungsloses Zusammenspiel vieler verteilter und oft fragmentierter Systeme \u2013 Fahrzeugsoftware, Ladestationen, Zahlungsportale, Schnittstellen zu Energieversorgern und vieles mehr. F\u00e4llt auch nur eine einzige Komponente aus, kann der gesamte Ladevorgang zusammenbrechen und die gesamte Wertsch\u00f6pfungskette beeintr\u00e4chtigen.<\/p>\n<h2>Die Wertsch\u00f6pfungskette des Ladens von Elektrofahrzeugen: Ein komplexes Orchester<\/h2>\n<p>Das \u00d6kosystem f\u00fcr das Laden von Elektrofahrzeugen besteht aus zwei Hauptteilen:<\/p>\n<ul>\n<li>Frontend-Ladeschnittstellen:<br \/>\nDies sind die Ber\u00fchrungspunkte f\u00fcr die Nutzer \u2013 mobile Apps, Ladesysteme im Auto und die Ladeger\u00e4te selbst. Sie verbinden die Fahrer mit dem Ladevorgang und m\u00fcssen nahtlos mit den Backend-Systemen kommunizieren.<\/li>\n<li>Backend-Ladeinfrastruktur:<br \/>\nDazu geh\u00f6ren Betreiber von Ladestationen, Anbieter von E-Mobilit\u00e4tsdienstleistungen, Zahlungsdienstleister, Energieversorger und Fahrzeughersteller. Jeder Akteur tr\u00e4gt mit unterschiedlichen Werkzeugen, Technologien und Standards zu einem Teil des Ganzen bei.<\/li>\n<\/ul>\n<p>Die Herausforderung? Alle diese Komponenten und Systeme \u2013 die oft isoliert entwickelt und getestet werden \u2013 m\u00fcssen einwandfrei zusammenarbeiten, um ein reibungsloses Ladeerlebnis zu gew\u00e4hrleisten.<\/p>\n<p><img decoding=\"async\" loading=\"lazy\" class=\"alignnone wp-image-27645 size-full\" src=\"https:\/\/developmentuat.kpit.com\/wp-content\/uploads\/2025\/10\/002.png\" alt=\"\" width=\"1838\" height=\"808\" srcset=\"https:\/\/developmentuat.kpit.com\/wp-content\/uploads\/2025\/10\/002.png 1838w, https:\/\/developmentuat.kpit.com\/wp-content\/uploads\/2025\/10\/002-300x132.png 300w, https:\/\/developmentuat.kpit.com\/wp-content\/uploads\/2025\/10\/002-1024x450.png 1024w, https:\/\/developmentuat.kpit.com\/wp-content\/uploads\/2025\/10\/002-768x338.png 768w, https:\/\/developmentuat.kpit.com\/wp-content\/uploads\/2025\/10\/002-1536x675.png 1536w, https:\/\/developmentuat.kpit.com\/wp-content\/uploads\/2025\/10\/002-18x8.png 18w\" sizes=\"auto, (max-width: 1838px) 100vw, 1838px\" \/><\/p>\n<h2>Die eigentliche Herausforderung: Verifizierung und Validierung (V&amp;V) im gesamten \u00d6kosystem<\/h2>\n<p>Die Integration neuer Komponenten in das \u00d6kosystem der Ladeinfrastruktur f\u00fcr Elektrofahrzeuge ist alles andere als einfach. Jede neue Version ist ein komplexer, zeitaufw\u00e4ndiger Prozess, der oft mit Fehlern behaftet ist \u2013 nicht etwa, weil den Komponenten Funktionen fehlen, sondern weil das \u00d6kosystem selbst ein hochkomplexes Geflecht aus zahlreichen Akteuren, Produkten, Schnittstellen, Werkzeugen und Technologien darstellt.<\/p>\n<p>Die Verifizierung und Validierung (V&amp;V) dieser Komponenten stellt nicht nur eine technische H\u00fcrde dar, sondern ist eine enorme Herausforderung in puncto Koordination und Orchestrierung. Kein einzelnes Unternehmen kontrolliert die gesamte Wertsch\u00f6pfungskette der Ladeinfrastruktur f\u00fcr Elektrofahrzeuge. Stattdessen sind mehrere Organisationen \u2013 jede mit ihren eigenen Produkten, Tools und Zeitpl\u00e4nen \u2013 f\u00fcr unterschiedliche Bereiche verantwortlich. Das bedeutet, dass die Gew\u00e4hrleistung eines reibungslosen Zusammenspiels eine der gr\u00f6\u00dften Herausforderungen f\u00fcr alle Beteiligten darstellt.<\/p>\n<p><img decoding=\"async\" loading=\"lazy\" class=\"alignnone wp-image-27646 size-full\" src=\"https:\/\/developmentuat.kpit.com\/wp-content\/uploads\/2025\/10\/003.png\" alt=\"\" width=\"1861\" height=\"1021\" srcset=\"https:\/\/developmentuat.kpit.com\/wp-content\/uploads\/2025\/10\/003.png 1861w, https:\/\/developmentuat.kpit.com\/wp-content\/uploads\/2025\/10\/003-300x165.png 300w, https:\/\/developmentuat.kpit.com\/wp-content\/uploads\/2025\/10\/003-1024x562.png 1024w, https:\/\/developmentuat.kpit.com\/wp-content\/uploads\/2025\/10\/003-768x421.png 768w, https:\/\/developmentuat.kpit.com\/wp-content\/uploads\/2025\/10\/003-1536x843.png 1536w, https:\/\/developmentuat.kpit.com\/wp-content\/uploads\/2025\/10\/003-18x10.png 18w\" sizes=\"auto, (max-width: 1861px) 100vw, 1861px\" \/>Drei Hauptfaktoren machen diesen Prozess anf\u00e4llig:<\/p>\n<ol>\n<li>Verteilte Eigentumsverh\u00e4ltnisse: Die Verantwortung ist auf viele H\u00e4nde verteilt, was eine durchg\u00e4ngige \u00dcberwachung erschwert.<\/li>\n<li>Diverse Technologien: Die Integration von Altsystemen mit den neuesten Innovationen verl\u00e4uft selten reibungslos.<\/li>\n<li>Unabh\u00e4ngige Lebenszyklen: Jede Komponente entwickelt sich in ihrem eigenen Tempo, oft nicht synchron mit dem Rest des \u00d6kosystems.<\/li>\n<\/ol>\n<p>Heutzutage entwickeln und testen die meisten Beteiligten ihre Komponenten isoliert und integrieren sie erst sp\u00e4t im Entwicklungsprozess. Dieser Ansatz ist nicht nur langsam und fehleranf\u00e4llig, sondern erschwert auch die Stabilit\u00e4tssicherung bei wachsendem \u00d6kosystem. Begrenzte, isolierte Testumgebungen k\u00f6nnen die Komplexit\u00e4t realer Interaktionen schlichtweg nicht abbilden \u2013 was zu h\u00e4ufigen Ausf\u00e4llen und einem instabilen Ladeerlebnis f\u00fcr die Nutzer f\u00fchrt.<\/p>\n<h2>Die L\u00f6sung: Digitale Zwillingsplattform mit Shift-Left-Methoden<\/h2>\n<p>Um die Herausforderung der Verifizierung und Validierung eines derart verteilten und unzusammenh\u00e4ngenden \u00d6kosystems f\u00fcr das Laden von Elektrofahrzeugen zu bew\u00e4ltigen, schlagen wir eine einheitliche digitale Zwillingsplattform vor, die durch Shift-Left-Methoden erweitert wird. Dieser Ansatz erm\u00f6glicht allen Beteiligten den Zugriff auf eine virtuelle, durchg\u00e4ngige Nachbildung des gesamten \u00d6kosystems f\u00fcr das Laden von Elektrofahrzeugen. Hier kann jede Komponente \u2013 sei es eine mobile App, eine Ladestation oder ein Backend-Dienst \u2013 fr\u00fchzeitig und gr\u00fcndlich getestet werden, nicht nur isoliert, sondern im Kontext des Gesamtsystems.<\/p>\n<p>Zwei wesentliche Unterschiede zeichnen die auf digitalen Zwillingen basierende Verifizierung und Validierung (V&amp;V) im Vergleich zu traditionellen Methoden aus:<\/p>\n<ol>\n<li>Skalierung: Traditionelle Verifizierung und Validierung konzentrieren sich auf einzelne Komponenten und deren unmittelbare Integration. Digitale Zwillinge hingegen erm\u00f6glichen es uns, ganze Anwendungsf\u00e4lle zu simulieren und zu validieren und zu beobachten, wie sich jede Komponente innerhalb der gesamten Wertsch\u00f6pfungskette verh\u00e4lt.<\/li>\n<li>Vorgehensweise: W\u00e4hrend die konventionelle V&amp;V von unten nach oben erfolgt \u2013 also aus einzelnen Teilen aufgebaut wird \u2013, ist die digitale Zwillings-V&amp;V von oben nach unten ausgerichtet und beh\u00e4lt dabei stets das Ladeerlebnis des Endnutzers im Blick, einschlie\u00dflich Anwendungsf\u00e4llen f\u00fcr das gesamte EV-\u00d6kosystem, Missbrauchsf\u00e4llen und Fehlgebrauchsf\u00e4llen.<\/li>\n<\/ol>\n<p><img decoding=\"async\" loading=\"lazy\" class=\"alignnone wp-image-27647 size-full\" src=\"https:\/\/developmentuat.kpit.com\/wp-content\/uploads\/2025\/10\/004.png\" alt=\"\" width=\"1815\" height=\"1110\" srcset=\"https:\/\/developmentuat.kpit.com\/wp-content\/uploads\/2025\/10\/004.png 1815w, https:\/\/developmentuat.kpit.com\/wp-content\/uploads\/2025\/10\/004-300x183.png 300w, https:\/\/developmentuat.kpit.com\/wp-content\/uploads\/2025\/10\/004-1024x626.png 1024w, https:\/\/developmentuat.kpit.com\/wp-content\/uploads\/2025\/10\/004-768x470.png 768w, https:\/\/developmentuat.kpit.com\/wp-content\/uploads\/2025\/10\/004-1536x939.png 1536w, https:\/\/developmentuat.kpit.com\/wp-content\/uploads\/2025\/10\/004-18x12.png 18w\" sizes=\"auto, (max-width: 1815px) 100vw, 1815px\" \/><\/p>\n<p>Die digitale Zwillingsplattform ist mit vorintegrierten Simulatoren f\u00fcr alle wichtigen Komponenten des Ladeinfrastruktur-\u00d6kosystems f\u00fcr Elektrofahrzeuge ausgestattet. Die Beteiligten k\u00f6nnen die Umgebung an ihre Bed\u00fcrfnisse anpassen und ihre Komponenten in einem validierten digitalen \u00d6kosystem testen. Die Validierung kann auf drei Ebenen erfolgen:<\/p>\n<ul>\n<li>Reine Software: Alle Komponenten werden digital simuliert.<\/li>\n<li>Niederspannung: Die Software interagiert mit der Referenzhardware.<\/li>\n<li>Hochspannung: F\u00fcr die Pr\u00fcfung des Gesamtsystems werden echte Hardwarekomponenten verwendet.<\/li>\n<\/ul>\n<p>Die Bibliothek der Plattform mit Plug-and-Play-Simulatoren deckt alles ab, von mobilen Apps und Ladesystemen f\u00fcr Fahrzeuge bis hin zu Zahlungsmodulen und Schnittstellen f\u00fcr Versorgungsunternehmen. Zum Beispiel:<\/p>\n<ul>\n<li>Mobile App Simulators: Testen Sie Customer Journeys und intelligente Ladefunktionen.<\/li>\n<li>EV-Systemsimulatoren: Validierung von Ladeinfrastrukturen, Protokollen und Zonenarchitekturen.<\/li>\n<li>CPO- und eMSP-Module: Simulation von OCPP\/OCPI-Verbindungen, Roaming und Zertifizierung.<\/li>\n<li>Zahlungs- und Nutzungsmodule: Umfassen Szenarien f\u00fcr Kreditkarten, RFID, UPI und Grid-Protokolle.<\/li>\n<\/ul>\n<p>Dieser Ansatz mit dem digitalen Zwilling bietet vier wesentliche Vorteile:<\/p>\n<ul>\n<li>Kundenorientiertes Testen: Validierung realer Anwendungsf\u00e4lle im gesamten \u00d6kosystem.<\/li>\n<li>Plug-and-Play-Flexibilit\u00e4t: Komponenten k\u00f6nnen f\u00fcr Einzel-, Integrations- und Systemtests einfach ausgetauscht werden.<\/li>\n<li>Kontinuierliche Integration: Passt sich den Produktlebenszyklen an und gew\u00e4hrleistet zuverl\u00e4ssige, fortlaufende Releases.<\/li>\n<li>Individualisierung: Passen Sie den digitalen Zwilling an spezifische Regionen, Technologien oder Prototypen an, um eine gezielte Validierung zu erm\u00f6glichen.<\/li>\n<\/ul>\n<h2>Abschluss<\/h2>\n<p>Das \u00d6kosystem f\u00fcr das Laden von Elektrofahrzeugen ist eines der komplexesten und am weitesten verteilten Systeme im heutigen Mobilit\u00e4tsbereich. Um den Fahrern die reibungslosen und zuverl\u00e4ssigen Erlebnisse zu bieten, die sie erwarten, m\u00fcssen wir von isolierten Tests zu einer ganzheitlichen, kundenorientierten Validierung \u00fcbergehen.<\/p>\n<p>Digitale Zwillingsplattformen \u2013 kombiniert mit Shift-Left-Methoden \u2013 bieten einen vielversprechenden Weg in die Zukunft. Durch fr\u00fchzeitige und umfassende Verifizierung und Validierung entlang der gesamten Wertsch\u00f6pfungskette k\u00f6nnen wir Innovationen beschleunigen, Fehler reduzieren und das f\u00fcr die breite Akzeptanz von Elektrofahrzeugen notwendige Vertrauen aufbauen.<\/p>\n<p><strong>Lasst uns daf\u00fcr sorgen, dass das Laden von Elektrofahrzeugen funktioniert \u2013 jedes Mal, f\u00fcr alle.<br \/>\n<\/strong><\/p>\n<h2>Autoren<\/h2>\n<div class=\"f-row f-3\">\n<div class=\"f-col\"><img decoding=\"async\" loading=\"lazy\" class=\"alignnone size-full wp-image-25538\" src=\"https:\/\/developmentuat.kpit.com\/wp-content\/uploads\/2024\/12\/Devakumar.jpg\" alt=\"\" width=\"300\" height=\"300\" srcset=\"https:\/\/developmentuat.kpit.com\/wp-content\/uploads\/2024\/12\/Devakumar.jpg 300w, https:\/\/developmentuat.kpit.com\/wp-content\/uploads\/2024\/12\/Devakumar-150x150.jpg 150w, https:\/\/developmentuat.kpit.com\/wp-content\/uploads\/2024\/12\/Devakumar-12x12.jpg 12w\" sizes=\"auto, (max-width: 300px) 100vw, 300px\" \/> <strong>Devendrakumar Banker \u2013 KMU, Elektrischer Antriebsstrang<\/strong>\u00a0<\/div>\n<div class=\"f-col\"><strong><img decoding=\"async\" loading=\"lazy\" class=\"alignnone size-full wp-image-25541\" src=\"https:\/\/developmentuat.kpit.com\/wp-content\/uploads\/2024\/12\/Aditi-Tiwari-.jpg\" alt=\"\" width=\"300\" height=\"300\" srcset=\"https:\/\/developmentuat.kpit.com\/wp-content\/uploads\/2024\/12\/Aditi-Tiwari-.jpg 300w, https:\/\/developmentuat.kpit.com\/wp-content\/uploads\/2024\/12\/Aditi-Tiwari--150x150.jpg 150w, https:\/\/developmentuat.kpit.com\/wp-content\/uploads\/2024\/12\/Aditi-Tiwari--12x12.jpg 12w\" sizes=\"auto, (max-width: 300px) 100vw, 300px\" \/> <b>Aditi Tiwari \u2013 Marketingmanagerin<\/b>\u00a0<\/strong><\/div>\n<\/div>","protected":false},"excerpt":{"rendered":"<p>Key topic assignment : Virtualized\/Simulated\/Digital-twin charging ecosystem components for in-house\/on-cloud E2E charging ecosystem simulation Picture this: You\u2019re on a road trip in your electric vehicle. You pull up to a public charger, plug in, and\u2026 nothing happens. Frustrating? Absolutely. Unfortunately, this is the reality according to J.D. Power, this happens in about 20% of public [&hellip;]<\/p>\n","protected":false},"author":11,"featured_media":0,"parent":0,"menu_order":0,"comment_status":"closed","ping_status":"closed","template":"landing-pages\/landing-content.php","meta":{"_acf_changed":false,"footnotes":""},"class_list":["post-27635","page","type-page","status-publish","hentry"],"acf":[],"yoast_head":"<!-- This site is optimized with the Yoast SEO plugin v27.2 - https:\/\/yoast.com\/product\/yoast-seo-wordpress\/ -->\n<title>Accelerating EV Charging Ecosystem Validation with Digital Twin Platform - KPIT<\/title>\n<meta name=\"robots\" content=\"noindex, follow, max-snippet:-1, max-image-preview:large, max-video-preview:-1\" \/>\n<meta property=\"og:locale\" content=\"de_DE\" \/>\n<meta property=\"og:type\" content=\"article\" \/>\n<meta property=\"og:title\" content=\"Accelerating EV Charging Ecosystem Validation with Digital Twin Platform - KPIT\" \/>\n<meta property=\"og:description\" content=\"Key topic assignment : Virtualized\/Simulated\/Digital-twin charging ecosystem components for in-house\/on-cloud E2E charging ecosystem simulation Picture this: You\u2019re on a road trip in your electric vehicle. You pull up to a public charger, plug in, and\u2026 nothing happens. Frustrating? Absolutely. Unfortunately, this is the reality according to J.D. Power, this happens in about 20% of public [&hellip;]\" \/>\n<meta property=\"og:url\" content=\"https:\/\/developmentuat.kpit.com\/de-de\/accelerating-ev-charging-ecosystem-validation-with-digital-twin-platform\/\" \/>\n<meta property=\"og:site_name\" content=\"KPIT\" \/>\n<meta property=\"article:modified_time\" content=\"2025-10-13T05:48:28+00:00\" \/>\n<meta property=\"og:image\" content=\"https:\/\/developmentuat.kpit.com\/wp-content\/uploads\/2025\/10\/001.png\" \/>\n\t<meta property=\"og:image:width\" content=\"1600\" \/>\n\t<meta property=\"og:image:height\" content=\"900\" \/>\n\t<meta property=\"og:image:type\" content=\"image\/png\" \/>\n<meta name=\"twitter:card\" content=\"summary_large_image\" \/>\n<meta name=\"twitter:label1\" content=\"Gesch\u00e4tzte Lesezeit\" \/>\n\t<meta name=\"twitter:data1\" content=\"6\u00a0Minuten\" \/>\n<script type=\"application\/ld+json\" class=\"yoast-schema-graph\">{\"@context\":\"https:\/\/schema.org\",\"@graph\":[{\"@type\":\"WebPage\",\"@id\":\"https:\/\/developmentuat.kpit.com\/accelerating-ev-charging-ecosystem-validation-with-digital-twin-platform\/\",\"url\":\"https:\/\/developmentuat.kpit.com\/accelerating-ev-charging-ecosystem-validation-with-digital-twin-platform\/\",\"name\":\"Accelerating EV Charging Ecosystem Validation with Digital Twin Platform - KPIT\",\"isPartOf\":{\"@id\":\"https:\/\/developmentuat.kpit.com\/#website\"},\"primaryImageOfPage\":{\"@id\":\"https:\/\/developmentuat.kpit.com\/accelerating-ev-charging-ecosystem-validation-with-digital-twin-platform\/#primaryimage\"},\"image\":{\"@id\":\"https:\/\/developmentuat.kpit.com\/accelerating-ev-charging-ecosystem-validation-with-digital-twin-platform\/#primaryimage\"},\"thumbnailUrl\":\"https:\/\/developmentuat.kpit.com\/wp-content\/uploads\/2025\/10\/001.png\",\"datePublished\":\"2025-10-08T04:52:48+00:00\",\"dateModified\":\"2025-10-13T05:48:28+00:00\",\"breadcrumb\":{\"@id\":\"https:\/\/developmentuat.kpit.com\/accelerating-ev-charging-ecosystem-validation-with-digital-twin-platform\/#breadcrumb\"},\"inLanguage\":\"de\",\"potentialAction\":[{\"@type\":\"ReadAction\",\"target\":[\"https:\/\/developmentuat.kpit.com\/accelerating-ev-charging-ecosystem-validation-with-digital-twin-platform\/\"]}]},{\"@type\":\"ImageObject\",\"inLanguage\":\"de\",\"@id\":\"https:\/\/developmentuat.kpit.com\/accelerating-ev-charging-ecosystem-validation-with-digital-twin-platform\/#primaryimage\",\"url\":\"https:\/\/developmentuat.kpit.com\/wp-content\/uploads\/2025\/10\/001.png\",\"contentUrl\":\"https:\/\/developmentuat.kpit.com\/wp-content\/uploads\/2025\/10\/001.png\"},{\"@type\":\"BreadcrumbList\",\"@id\":\"https:\/\/developmentuat.kpit.com\/accelerating-ev-charging-ecosystem-validation-with-digital-twin-platform\/#breadcrumb\",\"itemListElement\":[{\"@type\":\"ListItem\",\"position\":1,\"name\":\"Home\",\"item\":\"https:\/\/developmentuat.kpit.com\/\"},{\"@type\":\"ListItem\",\"position\":2,\"name\":\"Accelerating EV Charging Ecosystem Validation with Digital Twin Platform\"}]},{\"@type\":\"WebSite\",\"@id\":\"https:\/\/developmentuat.kpit.com\/#website\",\"url\":\"https:\/\/developmentuat.kpit.com\/\",\"name\":\"KPIT\",\"description\":\"Technology, Mobility, Software, Automotive\",\"potentialAction\":[{\"@type\":\"SearchAction\",\"target\":{\"@type\":\"EntryPoint\",\"urlTemplate\":\"https:\/\/developmentuat.kpit.com\/?s={search_term_string}\"},\"query-input\":{\"@type\":\"PropertyValueSpecification\",\"valueRequired\":true,\"valueName\":\"search_term_string\"}}],\"inLanguage\":\"de\"}]}<\/script>\n<!-- \/ Yoast SEO plugin. -->","yoast_head_json":{"title":"Beschleunigung der Validierung des \u00d6kosystems f\u00fcr die Ladeinfrastruktur von Elektrofahrzeugen mit einer digitalen Zwillingsplattform \u2013 KPIT","robots":{"index":"noindex","follow":"follow","max-snippet":"max-snippet:-1","max-image-preview":"max-image-preview:large","max-video-preview":"max-video-preview:-1"},"og_locale":"de_DE","og_type":"article","og_title":"Accelerating EV Charging Ecosystem Validation with Digital Twin Platform - KPIT","og_description":"Key topic assignment : Virtualized\/Simulated\/Digital-twin charging ecosystem components for in-house\/on-cloud E2E charging ecosystem simulation Picture this: You\u2019re on a road trip in your electric vehicle. You pull up to a public charger, plug in, and\u2026 nothing happens. Frustrating? Absolutely. Unfortunately, this is the reality according to J.D. Power, this happens in about 20% of public [&hellip;]","og_url":"https:\/\/developmentuat.kpit.com\/de-de\/accelerating-ev-charging-ecosystem-validation-with-digital-twin-platform\/","og_site_name":"KPIT","article_modified_time":"2025-10-13T05:48:28+00:00","og_image":[{"width":1600,"height":900,"url":"https:\/\/developmentuat.kpit.com\/wp-content\/uploads\/2025\/10\/001.png","type":"image\/png"}],"twitter_card":"summary_large_image","twitter_misc":{"Gesch\u00e4tzte Lesezeit":"6\u00a0Minuten"},"schema":{"@context":"https:\/\/schema.org","@graph":[{"@type":"WebPage","@id":"https:\/\/developmentuat.kpit.com\/accelerating-ev-charging-ecosystem-validation-with-digital-twin-platform\/","url":"https:\/\/developmentuat.kpit.com\/accelerating-ev-charging-ecosystem-validation-with-digital-twin-platform\/","name":"Beschleunigung der Validierung des \u00d6kosystems f\u00fcr die Ladeinfrastruktur von Elektrofahrzeugen mit einer digitalen Zwillingsplattform \u2013 KPIT","isPartOf":{"@id":"https:\/\/developmentuat.kpit.com\/#website"},"primaryImageOfPage":{"@id":"https:\/\/developmentuat.kpit.com\/accelerating-ev-charging-ecosystem-validation-with-digital-twin-platform\/#primaryimage"},"image":{"@id":"https:\/\/developmentuat.kpit.com\/accelerating-ev-charging-ecosystem-validation-with-digital-twin-platform\/#primaryimage"},"thumbnailUrl":"https:\/\/developmentuat.kpit.com\/wp-content\/uploads\/2025\/10\/001.png","datePublished":"2025-10-08T04:52:48+00:00","dateModified":"2025-10-13T05:48:28+00:00","breadcrumb":{"@id":"https:\/\/developmentuat.kpit.com\/accelerating-ev-charging-ecosystem-validation-with-digital-twin-platform\/#breadcrumb"},"inLanguage":"de","potentialAction":[{"@type":"ReadAction","target":["https:\/\/developmentuat.kpit.com\/accelerating-ev-charging-ecosystem-validation-with-digital-twin-platform\/"]}]},{"@type":"ImageObject","inLanguage":"de","@id":"https:\/\/developmentuat.kpit.com\/accelerating-ev-charging-ecosystem-validation-with-digital-twin-platform\/#primaryimage","url":"https:\/\/developmentuat.kpit.com\/wp-content\/uploads\/2025\/10\/001.png","contentUrl":"https:\/\/developmentuat.kpit.com\/wp-content\/uploads\/2025\/10\/001.png"},{"@type":"BreadcrumbList","@id":"https:\/\/developmentuat.kpit.com\/accelerating-ev-charging-ecosystem-validation-with-digital-twin-platform\/#breadcrumb","itemListElement":[{"@type":"ListItem","position":1,"name":"Home","item":"https:\/\/developmentuat.kpit.com\/"},{"@type":"ListItem","position":2,"name":"Accelerating EV Charging Ecosystem Validation with Digital Twin Platform"}]},{"@type":"WebSite","@id":"https:\/\/developmentuat.kpit.com\/#website","url":"https:\/\/developmentuat.kpit.com\/","name":"KPIT","description":"Technologie, Mobilit\u00e4t, Software, Automotive","potentialAction":[{"@type":"SearchAction","target":{"@type":"EntryPoint","urlTemplate":"https:\/\/developmentuat.kpit.com\/?s={search_term_string}"},"query-input":{"@type":"PropertyValueSpecification","valueRequired":true,"valueName":"search_term_string"}}],"inLanguage":"de"}]}},"_links":{"self":[{"href":"https:\/\/developmentuat.kpit.com\/de-de\/wp-json\/wp\/v2\/pages\/27635","targetHints":{"allow":["GET"]}}],"collection":[{"href":"https:\/\/developmentuat.kpit.com\/de-de\/wp-json\/wp\/v2\/pages"}],"about":[{"href":"https:\/\/developmentuat.kpit.com\/de-de\/wp-json\/wp\/v2\/types\/page"}],"author":[{"embeddable":true,"href":"https:\/\/developmentuat.kpit.com\/de-de\/wp-json\/wp\/v2\/users\/11"}],"replies":[{"embeddable":true,"href":"https:\/\/developmentuat.kpit.com\/de-de\/wp-json\/wp\/v2\/comments?post=27635"}],"version-history":[{"count":10,"href":"https:\/\/developmentuat.kpit.com\/de-de\/wp-json\/wp\/v2\/pages\/27635\/revisions"}],"predecessor-version":[{"id":27637,"href":"https:\/\/developmentuat.kpit.com\/de-de\/wp-json\/wp\/v2\/pages\/27635\/revisions\/27637"}],"wp:attachment":[{"href":"https:\/\/developmentuat.kpit.com\/de-de\/wp-json\/wp\/v2\/media?parent=27635"}],"curies":[{"name":"wp","href":"https:\/\/api.w.org\/{rel}","templated":true}]}}