
{"id":261,"date":"2018-12-01T15:02:32","date_gmt":"2018-12-01T15:02:32","guid":{"rendered":"https:\/\/developmentuat.kpit.com\/?page_id=261"},"modified":"2024-11-15T17:20:43","modified_gmt":"2024-11-15T11:50:43","slug":"cookie-richtlinie","status":"publish","type":"page","link":"https:\/\/developmentuat.kpit.com\/de-de\/cookie-policy\/","title":{"rendered":"Cookie-Richtlinie"},"content":{"rendered":"<p>KPIT Technologies Limited verpflichtet sich nachdr\u00fccklich, Ihre Privatsph\u00e4re zu sch\u00fctzen. Wir haben diese Cookie-Richtlinie (\u201eRichtlinie\u201c) erstellt, damit Sie verstehen, welche Cookies wir auf unserer Website verwenden und warum wir sie verwenden. Indem Sie unsere Website weiterhin nutzen, stimmen Sie der Verwendung von Cookies zu.<\/p>\r\n<p><strong>Was ist ein Cookie<\/strong><\/p>\r\n<p>Ein \u201cCookie\u201d ist eine kleine Informationseinheit, die eine Website an Ihren Browser sendet und die dann auf Ihrem Computer (oder anderen internetf\u00e4higen Ger\u00e4ten wie Smartphones oder Tablets) gespeichert wird. Alle Cookies haben ein Ablaufdatum, das festlegt, wie lange sie auf Ihrem Computer oder Ger\u00e4t gespeichert bleiben. Im Folgenden finden Sie Informationen dar\u00fcber, wie Sie Cookies verwalten und l\u00f6schen k\u00f6nnen.<\/p>\r\n<p><strong>Welche Cookies verwenden wir<\/strong><\/p>\r\n<p>Wir verwenden Cookies, um sicherzustellen, dass jeder, der unsere Website nutzt, die bestm\u00f6gliche Erfahrung macht. Wir verwenden Google Analytics-Cookies auf unserer Website, damit wir das Besucherverhalten verfolgen und die Leistung der Website messen k\u00f6nnen. Dies hilft uns, die Funktionsweise unserer Website zu verbessern, indem wir beispielsweise sicherstellen, dass Besucher leicht finden k\u00f6nnen, wonach sie suchen.<\/p>\r\n\r\n<p>Alle in unseren Cookies enthaltenen Daten sind vollst\u00e4ndig anonym und enthalten keine personenbezogenen Daten. Weitere Informationen zu Google Analytics-Cookies finden Sie unter: \u00a0<a class=\"a-word-wrap\" href=\"https:\/\/support.google.com\/analytics\/answer\/6004245?hl=en\">https:\/\/support.google.com\/analytics\/answer\/6004245?hl=en<\/a><\/p>\r\n\r\n\r\n\r\n<p>Wir verwenden keine Flash-Cookies (manchmal auch als Local Shared Objects bezeichnet) und wir gestatten Werbenetzwerken von Drittanbietern nicht, Cookies auf unserer Website zu verwenden, um Werbung verhaltensorientiert auf unsere Besucher auszurichten.<\/p>\r\n\r\n\r\n\r\n<p>Weitere Informationen zu den einzelnen Cookies, die wir verwenden, und den Zwecken, f\u00fcr die wir sie verwenden, finden Sie unten.<\/p>\r\n\r\n\r\n\r\n<div class=\"table-responsive\">\r\n<table class=\"wp-block-table\">\r\n<tbody>\r\n<tr>\r\n<th>Cookie-Schl\u00fcssel<\/th>\r\n<th>Plattform<\/th>\r\n<th>Domain<\/th>\r\n<th>Weg<\/th>\r\n<th>Cookie-Typ<\/th>\r\n<th>Ablauf<\/th>\r\n<th>Beschreibung<\/th>\r\n<\/tr>\r\n<tr>\r\n<td>li_gc<\/td>\r\n<td>LinkedIn<\/td>\r\n<td>.linkedin.com<\/td>\r\n<td>\/<\/td>\r\n<td>Dritte Seite<\/td>\r\n<td>6 Monate<\/td>\r\n<td>Wird verwendet, um die Zustimmung des Gastes zur Verwendung von Cookies f\u00fcr nicht unbedingt notwendige Zwecke zu speichern.<\/td>\r\n<\/tr>\r\n<tr>\r\n<td>AnalyticsSyncHistory<\/td>\r\n<td>LinkedIn<\/td>\r\n<td>.linkedin.com<\/td>\r\n<td>\/<\/td>\r\n<td>Dritte Seite<\/td>\r\n<td>1 Monat<\/td>\r\n<td>Wird verwendet, um Informationen dar\u00fcber zu speichern, wann eine Synchronisierung mit dem lms_analytics-Cookie f\u00fcr Benutzer in den festgelegten L\u00e4ndern stattfand.<\/td>\r\n<\/tr>\r\n<tr>\r\n<td>Benutzer-Spielverlauf<\/td>\r\n<td>LinkedIn<\/td>\r\n<td>.linkedin.com<\/td>\r\n<td>\/<\/td>\r\n<td>Dritte Seite<\/td>\r\n<td>1 Monat<\/td>\r\n<td>Dieser Cookie dient dazu, Besucher zu verfolgen, damit ihnen auf Basis ihrer Pr\u00e4ferenzen relevantere Anzeigen pr\u00e4sentiert werden k\u00f6nnen.<\/td>\r\n<\/tr>\r\n<tr>\r\n<td>bscookie<\/td>\r\n<td>LinkedIn<\/td>\r\n<td>.www.linkedin.com<\/td>\r\n<td>\/<\/td>\r\n<td>Dritte Seite<\/td>\r\n<td>1 Jahr<\/td>\r\n<td>Wird vom sozialen Netzwerk LinkedIn verwendet, um die Nutzung eingebetteter Dienste zu verfolgen.<\/td>\r\n<\/tr>\r\n<tr>\r\n<td>bcookie<\/td>\r\n<td>LinkedIn<\/td>\r\n<td>.linkedin.com<\/td>\r\n<td>\/<\/td>\r\n<td>Dritte Seite<\/td>\r\n<td>1 Jahr<\/td>\r\n<td>Dies ist ein Microsoft MSN-Erstanbieter-Cookie zum Teilen von Website-Inhalten \u00fcber soziale Medien.<\/td>\r\n<\/tr>\r\n<tr>\r\n<td>lidc<\/td>\r\n<td>LinkedIn<\/td>\r\n<td>.linkedin.com<\/td>\r\n<td>\/<\/td>\r\n<td>Dritte Seite<\/td>\r\n<td>1 Tag<\/td>\r\n<td>Dies ist ein Microsoft MSN-Erstanbieter-Cookie, das die ordnungsgem\u00e4\u00dfe Funktion dieser Website gew\u00e4hrleistet.<\/td>\r\n<\/tr>\r\n<tr>\r\n<td>li_sugr<\/td>\r\n<td>LinkedIn<\/td>\r\n<td>.linkedin.com<\/td>\r\n<td>\/<\/td>\r\n<td>Dritte Seite<\/td>\r\n<td>3 Monate<\/td>\r\n<td>\u00a0<\/td>\r\n<\/tr>\r\n<tr>\r\n<td>ln_or<\/td>\r\n<td>LinkedIn<\/td>\r\n<td>developmentuat.kpit.com<\/td>\r\n<td>\/<\/td>\r\n<td>Erstanbieter<\/td>\r\n<td>1 Tag<\/td>\r\n<td>\u00a0<\/td>\r\n<\/tr>\r\n<tr>\r\n<td>_hjFirstSeen<\/td>\r\n<td>Hotjar<\/td>\r\n<td>.kpit.com<\/td>\r\n<td>\/<\/td>\r\n<td>Erstanbieter<\/td>\r\n<td>30 Minuten<\/td>\r\n<td>Der Cookie dient dazu, dass Hotjar den Beginn der Nutzerinteraktion f\u00fcr die Gesamtzahl der Sitzungen nachverfolgen kann. Er enth\u00e4lt keine personenbezogenen Daten.<\/td>\r\n<\/tr>\r\n<tr>\r\n<td>_hjAbsoluteSessionInProgress<\/td>\r\n<td>Hotjar<\/td>\r\n<td>.kpit.com<\/td>\r\n<td>\/<\/td>\r\n<td>Erstanbieter<\/td>\r\n<td>30 Minuten<\/td>\r\n<td>Der Cookie dient dazu, dass Hotjar den Beginn der Nutzerinteraktion f\u00fcr die Gesamtzahl der Sitzungen nachverfolgen kann. Er enth\u00e4lt keine personenbezogenen Daten.<\/td>\r\n<\/tr>\r\n<tr>\r\n<td>_hjIncludedInSession Sample_2444113<\/td>\r\n<td>Hotjar<\/td>\r\n<td>.kpit.com<\/td>\r\n<td>\/<\/td>\r\n<td>Erstanbieter<\/td>\r\n<td>2 Minuten<\/td>\r\n<td>\u00a0<\/td>\r\n<\/tr>\r\n<tr>\r\n<td>_hjSession_2444113<\/td>\r\n<td>Hotjar<\/td>\r\n<td>.kpit.com<\/td>\r\n<td>\/<\/td>\r\n<td>Erstanbieter<\/td>\r\n<td>30 Minuten<\/td>\r\n<td>\u00a0<\/td>\r\n<\/tr>\r\n<tr>\r\n<td>_hjSessionUser_244 4113<\/td>\r\n<td>Hotjar<\/td>\r\n<td>.kpit.com<\/td>\r\n<td>\/<\/td>\r\n<td>Erstanbieter<\/td>\r\n<td>1 Jahr<\/td>\r\n<td>\u00a0<\/td>\r\n<\/tr>\r\n<tr>\r\n<td>_ga<\/td>\r\n<td>Google Analytics<\/td>\r\n<td>.kpit.com<\/td>\r\n<td>\/<\/td>\r\n<td>Erstanbieter<\/td>\r\n<td>1 Jahr 1 Monat<\/td>\r\n<td>Dieser Cookie-Name ist mit Google Universal Analytics verkn\u00fcpft \u2013 einer wichtigen Weiterentwicklung des weit verbreiteten Analysedienstes von Google. Dieser Cookie dient dazu, einzelne Nutzer zu unterscheiden, indem ihm eine zuf\u00e4llig generierte Nummer als Client-ID zugewiesen wird. Er wird bei jeder Seitenanfrage einer Website \u00fcbermittelt und zur Berechnung von Besucher-, Sitzungs- und Kampagnendaten f\u00fcr die Website-Analyseberichte verwendet.<\/td>\r\n<\/tr>\r\n<tr>\r\n<td>_ga_KMX4WXMZV6<\/td>\r\n<td>Google Analytics<\/td>\r\n<td>.kpit.com<\/td>\r\n<td>\/<\/td>\r\n<td>Erstanbieter<\/td>\r\n<td>1 Jahr 1 Monat<\/td>\r\n<td>Dieser Cookie wird von Google Analytics verwendet, um den Sitzungsstatus zu speichern.<\/td>\r\n<\/tr>\r\n<tr>\r\n<td>YSC<\/td>\r\n<td>Youtube<\/td>\r\n<td>.youtube.com<\/td>\r\n<td>\/<\/td>\r\n<td>Dritte Seite<\/td>\r\n<td>Sitzung<\/td>\r\n<td>Dieser Cookie wird von YouTube gesetzt, um die Aufrufe eingebetteter Videos zu verfolgen.<\/td>\r\n<\/tr>\r\n<tr>\r\n<td>VISITOR_INFO1_LIV E<\/td>\r\n<td>Youtube<\/td>\r\n<td>.youtube.com<\/td>\r\n<td>\/<\/td>\r\n<td>Dritte Seite<\/td>\r\n<td>6 Monate<\/td>\r\n<td>Dieser Cookie wird von YouTube gesetzt, um die Nutzereinstellungen f\u00fcr in Websites eingebettete YouTube-Videos zu verfolgen; er kann auch feststellen, ob der Website-Besucher die neue oder die alte Version der YouTube-Oberfl\u00e4che verwendet.<\/td>\r\n<\/tr>\r\n<tr>\r\n<td>__cf_bm<\/td>\r\n<td>Taggbox<\/td>\r\n<td>.taggbox.com<\/td>\r\n<td>\/<\/td>\r\n<td>Dritte Seite<\/td>\r\n<td>30 Minuten<\/td>\r\n<td>Dieser Cookie dient dazu, zwischen Menschen und Bots zu unterscheiden. Dies ist f\u00fcr die Website von Vorteil, um aussagekr\u00e4ftige Berichte \u00fcber die Nutzung der Website zu erstellen.<\/td>\r\n<\/tr>\r\n<tr>\r\n<td>cf_clearance<\/td>\r\n<td>Taggbox<\/td>\r\n<td>.taggbox.com<\/td>\r\n<td>\/<\/td>\r\n<td>Dritte Seite<\/td>\r\n<td>1 Jahr<\/td>\r\n<td>\u00a0<\/td>\r\n<\/tr>\r\n<tr>\r\n<td>Cookielawinfo-Checkbox-funktional<\/td>\r\n<td>Andere<\/td>\r\n<td>developmentuat.kpit.com\/<\/td>\r\n<td>\/<\/td>\r\n<td>Erstanbieter<\/td>\r\n<td>1 Jahr<\/td>\r\n<td>\u00a0<\/td>\r\n<\/tr>\r\n<tr>\r\n<td>Cookielawinfo-Checkbox-Analytics<\/td>\r\n<td>Andere<\/td>\r\n<td>developmentuat.kpit.com\/<\/td>\r\n<td>\/<\/td>\r\n<td>Erstanbieter<\/td>\r\n<td>1 Jahr<\/td>\r\n<td>\u00a0<\/td>\r\n<\/tr>\r\n<tr>\r\n<td>Cookielawinfo-checkbox-others<\/td>\r\n<td>Andere<\/td>\r\n<td>developmentuat.kpit.com\/<\/td>\r\n<td>\/<\/td>\r\n<td>Erstanbieter<\/td>\r\n<td>1 Jahr<\/td>\r\n<td>\u00a0<\/td>\r\n<\/tr>\r\n<tr>\r\n<td>Cookielawinfo-Checkbox-Performance<\/td>\r\n<td>Andere<\/td>\r\n<td>developmentuat.kpit.com\/<\/td>\r\n<td>\/<\/td>\r\n<td>Erstanbieter<\/td>\r\n<td>1 Jahr<\/td>\r\n<td>\u00a0<\/td>\r\n<\/tr>\r\n<tr>\r\n<td>Cookielawinfo-Checkbox-Werbung<\/td>\r\n<td>Andere<\/td>\r\n<td>developmentuat.kpit.com\/<\/td>\r\n<td>\/<\/td>\r\n<td>Erstanbieter<\/td>\r\n<td>1 Jahr<\/td>\r\n<td>\u00a0<\/td>\r\n<\/tr>\r\n<tr>\r\n<td>Cookielawinfo-checkbox-necessary<\/td>\r\n<td>Andere<\/td>\r\n<td>developmentuat.kpit.com\/<\/td>\r\n<td>\/<\/td>\r\n<td>Erstanbieter<\/td>\r\n<td>1 Jahr<\/td>\r\n<td>\u00a0<\/td>\r\n<\/tr>\r\n<\/tbody>\r\n<\/table>\r\n<\/div>\r\n\r\n<p>&nbsp;<\/p>\r\n\r\n\r\n\r\n<p><strong>So verwalten und l\u00f6schen Sie Cookies<\/strong><\/p>\r\n\r\n\r\n\r\n<p>Cookies sind einfach zu verwalten oder zu l\u00f6schen und k\u00f6nnen auf zwei Arten entfernt werden: automatisch, wenn sie ablaufen, oder durch manuelles L\u00f6schen. Sie k\u00f6nnen Ihre Cookies entweder manuell verwalten oder Tools von Drittanbietern wie das Browser-Add-on zur Deaktivierung von Google Analytics verwenden, um dies zu tun. Das Deaktivierungs-Add-on f\u00fcr Browser von Google Analytics kann heruntergeladen werden unter: \u00a0<a href=\"https:\/\/tools.google.com\/dlpage\/gaoptout\">https:\/\/tools.google.com\/dlpage\/gaoptout<\/a>.<\/p>\r\n\r\n\r\n\r\n<p><strong>So l\u00f6schen Sie Cookies manuell (Internet Explorer):<\/strong><\/p>\r\n\r\n\r\n\r\n<ol class=\"wp-block-list\">\r\n<li>Tippen oder klicken Sie auf dem Startbildschirm auf Internet Explorer, um Internet Explorer zu \u00f6ffnen<\/li>\r\n<li>Wischen Sie vom rechten Bildschirmrand nach innen und tippen Sie dann auf \u201eEinstellungen\u201c. (Wenn Sie eine Maus verwenden, bewegen Sie den Mauszeiger in die untere rechte Ecke des Bildschirms, dann nach oben und klicken Sie anschlie\u00dfend auf \u201eEinstellungen\u201c.)<\/li>\r\n<li>W\u00e4hlen Sie in Internet Explorer die Schaltfl\u00e4che Extras, zeigen Sie auf Sicherheit, und w\u00e4hlen Sie dann Browserverlauf l\u00f6schen aus.<\/li>\r\n<li>Aktivieren Sie das Kontrollk\u00e4stchen Cookies und Websitedaten und w\u00e4hlen Sie dann L\u00f6schen aus.<\/li>\r\n<\/ol>\r\n\r\n<p><img decoding=\"async\" loading=\"lazy\" class=\"img-fluid\" src=\"https:\/\/ddxpeyb9bmybt.cloudfront.net\/wp-content\/uploads\/2021\/09\/29075321\/Picture6.png\" alt=\"Richtlinie 1\" \/><\/p>\r\n<p><img decoding=\"async\" loading=\"lazy\" class=\"img-fluid\" src=\"https:\/\/ddxpeyb9bmybt.cloudfront.net\/wp-content\/uploads\/2021\/09\/29051857\/Picture1.png\" alt=\"Richtlinie 2\" \/><\/p>\r\n\r\n<p><strong>So blockieren Sie Cookies: (Internet Explorer)<\/strong><\/p>\r\n\r\n\r\n\r\n<ol class=\"wp-block-list\">\r\n<li>\u00d6ffnen Sie den Desktop und tippen oder klicken Sie dann auf das Internet Explorer-Symbol in der Taskleiste<\/li>\r\n<li>Tippen oder klicken Sie auf die Schaltfl\u00e4che Extras und tippen oder klicken Sie dann auf Internetoptionen<\/li>\r\n<li>Tippen oder klicken Sie auf die Registerkarte Datenschutz und unter Einstellungen.<\/li>\r\n<li>Blockieren Sie Cookies von Erstanbietern und Drittanbietern oder lassen Sie sich dazu auffordern.<\/li>\r\n<\/ol>\r\n\r\n<p><img decoding=\"async\" loading=\"lazy\" class=\"img-fluid\" src=\"https:\/\/ddxpeyb9bmybt.cloudfront.net\/wp-content\/uploads\/2021\/09\/29075345\/Picture10.png\" alt=\"Richtlinie 3\" \/><\/p>\r\n<p><img decoding=\"async\" loading=\"lazy\" class=\"img-fluid\" src=\"https:\/\/ddxpeyb9bmybt.cloudfront.net\/wp-content\/uploads\/2021\/09\/29075350\/Picture11.png\" alt=\"Richtlinie 4\" \/><\/p>\r\n<p><img decoding=\"async\" loading=\"lazy\" class=\"img-fluid\" src=\"https:\/\/ddxpeyb9bmybt.cloudfront.net\/wp-content\/uploads\/2021\/09\/29075357\/Picture12.png\" alt=\"Richtlinie 5\" \/><\/p>\r\n\r\n<p><strong>So passen Sie die Cookie-Einstellungen an: (Internet Explorer)<\/strong><\/p>\r\n\r\n\r\n\r\n<ol class=\"wp-block-list\">\r\n<li>\u00d6ffnen Sie den Desktop und tippen oder klicken Sie dann auf das Internet Explorer-Symbol in der Taskleiste\r\n<ul>\r\n<li>Tippen oder klicken Sie auf die Schaltfl\u00e4che Extras und tippen oder klicken Sie dann auf Internetoptionen<\/li>\r\n<\/ul>\r\n<\/li>\r\n<li>F\u00fchren Sie auf der Registerkarte Datenschutz einen oder mehrere der folgenden Schritte aus:\r\n<ul>\r\n<li>Tippen oder klicken Sie auf die Registerkarte Datenschutz und unter Einstellungen. Blockieren Sie Erstanbieter- und Drittanbieter-Cookies oder lassen Sie sich dazu auffordern.<\/li>\r\n<li>Um bestimmte Websites zu blockieren oder zuzulassen, tippen oder klicken Sie auf Websites<\/li>\r\n<\/ul>\r\n<\/li>\r\n<li>Wenn Sie mit den \u00c4nderungen fertig sind, tippen oder klicken Sie auf OK<\/li>\r\n<\/ol>\r\n\r\n<p><img decoding=\"async\" loading=\"lazy\" class=\"img-fluid\" src=\"https:\/\/ddxpeyb9bmybt.cloudfront.net\/wp-content\/uploads\/2021\/09\/29075345\/Picture10.png\" alt=\"Richtlinie 6\" \/><\/p>\r\n<p><img decoding=\"async\" loading=\"lazy\" class=\"img-fluid\" src=\"https:\/\/ddxpeyb9bmybt.cloudfront.net\/wp-content\/uploads\/2021\/09\/29075350\/Picture11.png\" alt=\"Richtlinie 7\" \/><\/p>\r\n<p><img decoding=\"async\" loading=\"lazy\" class=\"img-fluid\" src=\"https:\/\/ddxpeyb9bmybt.cloudfront.net\/wp-content\/uploads\/2021\/09\/29075357\/Picture12.png\" alt=\"Richtlinie 8\" \/><\/p>\r\n<p><img decoding=\"async\" loading=\"lazy\" class=\"img-fluid\" src=\"https:\/\/ddxpeyb9bmybt.cloudfront.net\/wp-content\/uploads\/2021\/09\/29075404\/Picture13.png\" alt=\"Richtlinie 9\" \/><\/p>\r\n<p><img decoding=\"async\" loading=\"lazy\" class=\"img-fluid\" src=\"https:\/\/ddxpeyb9bmybt.cloudfront.net\/wp-content\/uploads\/2021\/09\/29075409\/Picture14.png\" alt=\"Richtlinie 10\" \/><\/p>\r\n\r\n<p><strong>So passen Sie die Cookie-Einstellungen an: (Google Chrome)<\/strong><\/p>\r\n\r\n\r\n\r\n<ol class=\"wp-block-list\">\r\n<li>\u00d6ffnen Sie den Chrome und sobald Sie ihn besuchen <a href=\"https:\/\/developmentuat.kpit.com\/de-de\/\" target=\"_blank\" rel=\"noopener\">developmentuat.kpit.com<\/a> Sie w\u00fcrden unten auf der Seite ein Cookie-Banner erhalten. Klicken Sie auf Cookie-Einstellungen, um sie nach Ihren Bed\u00fcrfnissen anzupassen.<\/li>\r\n<li>Aktualisieren Sie die Cookie-Einstellungen \u00fcber das Cookie-Banner, speichern und akzeptieren Sie.<\/li>\r\n<\/ol>\r\n\r\n<p>Nachfolgend finden Sie einen Screenshot.<\/p>\r\n<p><img decoding=\"async\" loading=\"lazy\" class=\"img-fluid\" src=\"https:\/\/ddxpeyb9bmybt.cloudfront.net\/wp-content\/uploads\/2021\/09\/29075413\/Picture15.png\" alt=\"Richtlinie 11\" \/><\/p>","protected":false},"excerpt":{"rendered":"<p>KPIT Technologies Limited is firmly committed to protecting your privacy. We have created this Cookie Policy (&#8220;Policy&#8221;) so that you can understand what cookies we use on our site and why we use them. By continuing to use our site, you are agreeing to our use of cookies. What is a Cookie A &#8220;cookie&#8221; is [&hellip;]<\/p>\n","protected":false},"author":3,"featured_media":0,"parent":0,"menu_order":0,"comment_status":"closed","ping_status":"closed","template":"content.php","meta":{"_acf_changed":false,"footnotes":""},"class_list":["post-261","page","type-page","status-publish","hentry"],"acf":[],"yoast_head":"<!-- This site is optimized with the Yoast SEO plugin v27.2 - https:\/\/yoast.com\/product\/yoast-seo-wordpress\/ -->\n<title>Our Guidelines for Cookie Privacy - KPIT<\/title>\n<meta name=\"description\" content=\"KPIT Technologies Limited is firmly committed to protecting your privacy. We comply with cookie policy and data contained is anonymous\" \/>\n<meta name=\"robots\" content=\"noindex, follow, max-snippet:-1, max-image-preview:large, max-video-preview:-1\" \/>\n<meta property=\"og:locale\" content=\"de_DE\" \/>\n<meta property=\"og:type\" content=\"article\" \/>\n<meta property=\"og:title\" content=\"Our Guidelines for Cookie Privacy - KPIT\" \/>\n<meta property=\"og:description\" content=\"KPIT Technologies Limited is firmly committed to protecting your privacy. We comply with cookie policy and data contained is anonymous\" \/>\n<meta property=\"og:url\" content=\"https:\/\/developmentuat.kpit.com\/de-de\/cookie-richtlinie\/\" \/>\n<meta property=\"og:site_name\" content=\"KPIT\" \/>\n<meta property=\"article:modified_time\" content=\"2024-11-15T11:50:43+00:00\" \/>\n<meta property=\"og:image\" content=\"https:\/\/ddxpeyb9bmybt.cloudfront.net\/wp-content\/uploads\/2021\/09\/29075321\/Picture6.png\" \/>\n<meta name=\"twitter:card\" content=\"summary_large_image\" \/>\n<meta name=\"twitter:label1\" content=\"Gesch\u00e4tzte Lesezeit\" \/>\n\t<meta name=\"twitter:data1\" content=\"7\u00a0Minuten\" \/>\n<script type=\"application\/ld+json\" class=\"yoast-schema-graph\">{\"@context\":\"https:\/\/schema.org\",\"@graph\":[{\"@type\":\"WebPage\",\"@id\":\"https:\/\/developmentuat.kpit.com\/cookie-policy\/\",\"url\":\"https:\/\/developmentuat.kpit.com\/cookie-policy\/\",\"name\":\"Our Guidelines for Cookie Privacy - KPIT\",\"isPartOf\":{\"@id\":\"https:\/\/developmentuat.kpit.com\/#website\"},\"primaryImageOfPage\":{\"@id\":\"https:\/\/developmentuat.kpit.com\/cookie-policy\/#primaryimage\"},\"image\":{\"@id\":\"https:\/\/developmentuat.kpit.com\/cookie-policy\/#primaryimage\"},\"thumbnailUrl\":\"https:\/\/ddxpeyb9bmybt.cloudfront.net\/wp-content\/uploads\/2021\/09\/29075321\/Picture6.png\",\"datePublished\":\"2018-12-01T15:02:32+00:00\",\"dateModified\":\"2024-11-15T11:50:43+00:00\",\"description\":\"KPIT Technologies Limited is firmly committed to protecting your privacy. We comply with cookie policy and data contained is anonymous\",\"breadcrumb\":{\"@id\":\"https:\/\/developmentuat.kpit.com\/cookie-policy\/#breadcrumb\"},\"inLanguage\":\"de\",\"potentialAction\":[{\"@type\":\"ReadAction\",\"target\":[\"https:\/\/developmentuat.kpit.com\/cookie-policy\/\"]}]},{\"@type\":\"ImageObject\",\"inLanguage\":\"de\",\"@id\":\"https:\/\/developmentuat.kpit.com\/cookie-policy\/#primaryimage\",\"url\":\"https:\/\/ddxpeyb9bmybt.cloudfront.net\/wp-content\/uploads\/2021\/09\/29075321\/Picture6.png\",\"contentUrl\":\"https:\/\/ddxpeyb9bmybt.cloudfront.net\/wp-content\/uploads\/2021\/09\/29075321\/Picture6.png\"},{\"@type\":\"BreadcrumbList\",\"@id\":\"https:\/\/developmentuat.kpit.com\/cookie-policy\/#breadcrumb\",\"itemListElement\":[{\"@type\":\"ListItem\",\"position\":1,\"name\":\"Home\",\"item\":\"https:\/\/developmentuat.kpit.com\/\"},{\"@type\":\"ListItem\",\"position\":2,\"name\":\"Cookie Policy\"}]},{\"@type\":\"WebSite\",\"@id\":\"https:\/\/developmentuat.kpit.com\/#website\",\"url\":\"https:\/\/developmentuat.kpit.com\/\",\"name\":\"KPIT\",\"description\":\"Technology, Mobility, Software, Automotive\",\"potentialAction\":[{\"@type\":\"SearchAction\",\"target\":{\"@type\":\"EntryPoint\",\"urlTemplate\":\"https:\/\/developmentuat.kpit.com\/?s={search_term_string}\"},\"query-input\":{\"@type\":\"PropertyValueSpecification\",\"valueRequired\":true,\"valueName\":\"search_term_string\"}}],\"inLanguage\":\"de\"}]}<\/script>\n<!-- \/ Yoast SEO plugin. -->","yoast_head_json":{"title":"Unsere Richtlinien zum Cookie-Datenschutz \u2013 KPIT","description":"KPIT Technologies Limited ist dem Schutz Ihrer Privatsph\u00e4re verpflichtet. Wir halten uns an die Cookie-Richtlinie und die enthaltenen Daten sind anonym","robots":{"index":"noindex","follow":"follow","max-snippet":"max-snippet:-1","max-image-preview":"max-image-preview:large","max-video-preview":"max-video-preview:-1"},"og_locale":"de_DE","og_type":"article","og_title":"Our Guidelines for Cookie Privacy - KPIT","og_description":"KPIT Technologies Limited is firmly committed to protecting your privacy. We comply with cookie policy and data contained is anonymous","og_url":"https:\/\/developmentuat.kpit.com\/de-de\/cookie-richtlinie\/","og_site_name":"KPIT","article_modified_time":"2024-11-15T11:50:43+00:00","og_image":[{"url":"https:\/\/ddxpeyb9bmybt.cloudfront.net\/wp-content\/uploads\/2021\/09\/29075321\/Picture6.png","type":"","width":"","height":""}],"twitter_card":"summary_large_image","twitter_misc":{"Gesch\u00e4tzte Lesezeit":"7\u00a0Minuten"},"schema":{"@context":"https:\/\/schema.org","@graph":[{"@type":"WebPage","@id":"https:\/\/developmentuat.kpit.com\/cookie-policy\/","url":"https:\/\/developmentuat.kpit.com\/cookie-policy\/","name":"Unsere Richtlinien zum Cookie-Datenschutz \u2013 KPIT","isPartOf":{"@id":"https:\/\/developmentuat.kpit.com\/#website"},"primaryImageOfPage":{"@id":"https:\/\/developmentuat.kpit.com\/cookie-policy\/#primaryimage"},"image":{"@id":"https:\/\/developmentuat.kpit.com\/cookie-policy\/#primaryimage"},"thumbnailUrl":"https:\/\/ddxpeyb9bmybt.cloudfront.net\/wp-content\/uploads\/2021\/09\/29075321\/Picture6.png","datePublished":"2018-12-01T15:02:32+00:00","dateModified":"2024-11-15T11:50:43+00:00","description":"KPIT Technologies Limited ist dem Schutz Ihrer Privatsph\u00e4re verpflichtet. Wir halten uns an die Cookie-Richtlinie und die enthaltenen Daten sind anonym","breadcrumb":{"@id":"https:\/\/developmentuat.kpit.com\/cookie-policy\/#breadcrumb"},"inLanguage":"de","potentialAction":[{"@type":"ReadAction","target":["https:\/\/developmentuat.kpit.com\/cookie-policy\/"]}]},{"@type":"ImageObject","inLanguage":"de","@id":"https:\/\/developmentuat.kpit.com\/cookie-policy\/#primaryimage","url":"https:\/\/ddxpeyb9bmybt.cloudfront.net\/wp-content\/uploads\/2021\/09\/29075321\/Picture6.png","contentUrl":"https:\/\/ddxpeyb9bmybt.cloudfront.net\/wp-content\/uploads\/2021\/09\/29075321\/Picture6.png"},{"@type":"BreadcrumbList","@id":"https:\/\/developmentuat.kpit.com\/cookie-policy\/#breadcrumb","itemListElement":[{"@type":"ListItem","position":1,"name":"Home","item":"https:\/\/developmentuat.kpit.com\/"},{"@type":"ListItem","position":2,"name":"Cookie Policy"}]},{"@type":"WebSite","@id":"https:\/\/developmentuat.kpit.com\/#website","url":"https:\/\/developmentuat.kpit.com\/","name":"KPIT","description":"Technologie, Mobilit\u00e4t, Software, Automotive","potentialAction":[{"@type":"SearchAction","target":{"@type":"EntryPoint","urlTemplate":"https:\/\/developmentuat.kpit.com\/?s={search_term_string}"},"query-input":{"@type":"PropertyValueSpecification","valueRequired":true,"valueName":"search_term_string"}}],"inLanguage":"de"}]}},"_links":{"self":[{"href":"https:\/\/developmentuat.kpit.com\/de-de\/wp-json\/wp\/v2\/pages\/261","targetHints":{"allow":["GET"]}}],"collection":[{"href":"https:\/\/developmentuat.kpit.com\/de-de\/wp-json\/wp\/v2\/pages"}],"about":[{"href":"https:\/\/developmentuat.kpit.com\/de-de\/wp-json\/wp\/v2\/types\/page"}],"author":[{"embeddable":true,"href":"https:\/\/developmentuat.kpit.com\/de-de\/wp-json\/wp\/v2\/users\/3"}],"replies":[{"embeddable":true,"href":"https:\/\/developmentuat.kpit.com\/de-de\/wp-json\/wp\/v2\/comments?post=261"}],"version-history":[{"count":10,"href":"https:\/\/developmentuat.kpit.com\/de-de\/wp-json\/wp\/v2\/pages\/261\/revisions"}],"predecessor-version":[{"id":24887,"href":"https:\/\/developmentuat.kpit.com\/de-de\/wp-json\/wp\/v2\/pages\/261\/revisions\/24887"}],"wp:attachment":[{"href":"https:\/\/developmentuat.kpit.com\/de-de\/wp-json\/wp\/v2\/media?parent=261"}],"curies":[{"name":"wp","href":"https:\/\/api.w.org\/{rel}","templated":true}]}}