
{"id":26039,"date":"2025-02-06T15:35:32","date_gmt":"2025-02-06T10:05:32","guid":{"rendered":"https:\/\/developmentuat.kpit.com\/interview-kpits-approach-to-streamlining-software-integration-in-the-automotive-sector-copy\/"},"modified":"2025-02-06T17:05:44","modified_gmt":"2025-02-06T11:35:44","slug":"how-in-car-gaming-can-revolutionize-passenger-entertainment-and-drive-revenue","status":"publish","type":"page","link":"https:\/\/developmentuat.kpit.com\/de-de\/how-in-car-gaming-can-revolutionize-passenger-entertainment-and-drive-revenue\/","title":{"rendered":"Wie In-Car-Gaming die Unterhaltung der Fahrg\u00e4ste revolutionieren und den Umsatz steigern kann"},"content":{"rendered":"<p>Mit der Weiterentwicklung der Technologie ver\u00e4ndert sich auch die Art und Weise, wie wir unterwegs leben. Die Unterhaltung im Auto hat einen gewaltigen Sprung von Radiosendern und Kassetten zu hochentwickelten Infotainmentsystemen gemacht. Heute ist klar, dass\u00a0<strong>In-Car-Gaming ist nicht nur eine Zukunftsvision \u2013 es pr\u00e4gt bereits die Art und Weise, wie OEMs das Fahrgasterlebnis gestalten.<\/strong><\/p>\n<p><strong>Die Evolution der Unterhaltung im Auto<\/strong><\/p>\n<p>Jahrzehntelang konzentrierte sich die Unterhaltung im Auto vor allem auf den Fahrer. Radio, CDs und sp\u00e4ter Bluetooth-Konnektivit\u00e4t boten eine M\u00f6glichkeit, die Monotonie langer Fahrten zu durchbrechen. Doch mit l\u00e4ngeren Pendelstrecken, der zunehmenden Verbreitung von Elektrofahrzeugen und den damit verbundenen Ladezeiten hat sich der Fokus verlagert auf\u00a0<strong>passagierorientierte Erlebnisse<\/strong>.<\/p>\n<p>Das Aufkommen von Spielen im Auto markiert ein neues Kapitel in dieser Entwicklung und schafft einen v\u00f6llig neuen Anwendungsfall f\u00fcr Fahrzeuge als Raum f\u00fcr Freizeit und Begegnung. Es definiert neu, was ein Auto ist.\u00a0<strong>\u201cvernetztes Fahrzeug\u201d<\/strong>\u00a0kann bieten und geht \u00fcber traditionelle Funktionen hinaus, um ein digitales Erlebnis zu schaffen, das den Konnektivit\u00e4tsangeboten der OEMs einen Mehrwert verleiht.<\/p>\n<p><strong>Warum In-Car-Gaming f\u00fcr OEMs heute wichtig ist<\/strong><\/p>\n<p>In-Car-Gaming ist nicht nur eine technologische Erg\u00e4nzung, sondern ein strategisches Werkzeug f\u00fcr OEMs, die ihre Infotainment-Pakete aufwerten wollen.\u00a0<strong>Steigerung der Passagierzufriedenheit<\/strong>. So geht&#039;s:<\/p>\n<ul>\n<li><strong>Verbesserung des Konnektivit\u00e4tsangebots:<\/strong>\u00a0Eine McKinsey-Studie zeigt, dass Verbraucher bereit sind, f\u00fcr vernetzte Dienste zu zahlen, die ihr Fahrerlebnis bereichern. Laut der Studie k\u00f6nnen Fahrzeughersteller ihre Ums\u00e4tze im Bereich Konnektivit\u00e4t bis 2014 steigern, indem sie Angebote in einem attraktiven Paket b\u00fcndeln. AirConsole erm\u00f6glicht es Fahrzeugherstellern, In-Car-Gaming mit bestehenden Konnektivit\u00e4tsangeboten zu kombinieren. Dieser Ansatz erh\u00f6ht den wahrgenommenen Wert des Konnektivit\u00e4tspakets, was langfristig zu h\u00f6heren Kundenakzeptanzraten und einem positiven ROI f\u00fchrt.<\/li>\n<li><strong>Verbesserung des Passagiererlebnisses:<\/strong>\u00a0Spiele im Auto verwandeln Fahrzeuge in echte Wohlf\u00fchloasen, in denen sich die Passagiere entspannen, austauschen und unterhalten k\u00f6nnen. Ob Familienausflug, Ladestopp oder einfach nur Wartezeit \u2013 Spiele sorgen f\u00fcr ein angenehmeres Erlebnis.<\/li>\n<li><strong>Markendifferenzierung vorantreiben:<\/strong>\u00a0Das Angebot von Spielen im Auto hebt OEMs von ihren Mitbewerbern ab. Es positioniert Fahrzeuge als zukunftsweisende, passagierorientierte Produkte, die modernen Lebensstilen gerecht werden.<\/li>\n<li><strong>Kundenbindung durch Engagement:<\/strong>\u00a0Durch das Angebot ansprechender Funktionen wie Spiele k\u00f6nnen OEMs die Kundenbindung st\u00e4rken und positive Mundpropaganda f\u00f6rdern.<\/li>\n<\/ul>\n<p><strong>F\u00fcrs Auto gebaut: Ein einzigartiger Ansatz f\u00fcr Spiele<\/strong><\/p>\n<p>AirConsole hebt sich durch die Entwicklung von Spielen ab, die speziell f\u00fcr die Fahrzeugumgebung konzipiert sind. Im Gegensatz zu Plattformen, die lediglich mobile Spiele in Fahrzeuge portieren, passen sie ihre Spiele so an, dass das Spielerlebnis im Auto optimal genutzt wird.<\/p>\n<p>Dies umfasst:<\/p>\n<ul>\n<li><strong>Immersive Elemente:<\/strong>\u00a0Integration mit Ambientebeleuchtung, Sitzhaptik und Soundsystemen zur Schaffung eines dynamischen und fesselnden Erlebnisses.<\/li>\n<li><strong>Passagierfreundliches Design:<\/strong>\u00a0Spiele, die f\u00fcr kurze oder lange Spielsessions optimiert sind und so auch w\u00e4hrend Ladestopps, Pendelfahrten oder im geparkten Zustand f\u00fcr Unterhaltung sorgen.<\/li>\n<li><strong>Ungezwungenes, geselliges Spielen:<\/strong>\u00a0Multiplayer-Spiele f\u00fcr Familie und Freunde, bei denen Smartphones als Controller f\u00fcr eine nahtlose Interaktion dienen.<\/li>\n<\/ul>\n<p>Durch die Fokussierung auf diese Elemente stellt AirConsole sicher, dass das Spielen im Auto nicht nur unterhaltsam, sondern auch optimal auf die Fahrzeugumgebung zugeschnitten ist.<\/p>\n<p><strong>Die Rolle von AirConsole und KPIT beim In-Car-Gaming<\/strong><\/p>\n<p>AirConsole steht an der Spitze dieser Revolution und bietet Folgendes an:\u00a0<strong>nahtloses, per Smartphone gesteuertes Spielerlebnis<\/strong>\u00a0Daf\u00fcr ist keine zus\u00e4tzliche Hardware erforderlich. Fahrg\u00e4ste k\u00f6nnen ihre Smartphones sofort mit dem Display des Fahrzeugs verbinden und so Wartezeiten in Unterhaltungsmomente verwandeln.<\/p>\n<p>KPIT freut sich, seine Softwareentwicklungs- und Integrationskompetenzen strategisch mit AirConsole zu erg\u00e4nzen und so neue Erlebnisse f\u00fcr das Cockpit der Zukunft zu realisieren. Die Beteiligung von KPIT an N-Dream erm\u00f6glichte es dem Unternehmen, sein Team zu vergr\u00f6\u00dfern und AirConsole gleichzeitig, sein Spieleportfolio mit bekannten Marken auszubauen und so noch intensivere, speziell f\u00fcr das Auto entwickelte Erlebnisse zu schaffen. KPITs umfassende Erfahrung in der Automobilbranche und die globalen Partnerschaften mit OEMs haben es AirConsole erm\u00f6glicht, effektiv zusammenzuarbeiten, seine Pr\u00e4senz in der Automobilindustrie zu st\u00e4rken und AirConsole als die ideale Gaming-L\u00f6sung f\u00fcr Automobilhersteller und -passagiere zu etablieren. Gemeinsam unterst\u00fctzen wir OEM-Kunden bei der Entwicklung monetarisierbarer digitaler Services f\u00fcr bestehende Fahrzeuge und neue Produkteinf\u00fchrungen.<\/p>\n<p>Durch die B\u00fcndelung von AirConsole mit dem Konnektivit\u00e4tspaket eines Autos k\u00f6nnen OEMs ihren Angeboten einen sp\u00fcrbaren Mehrwert verleihen, ohne in komplexe Monetarisierungsmodelle oder Lizenzmanagement investieren zu m\u00fcssen.<\/p>\n<p><strong>Aktuelle Erfolgsgeschichten von AirConsole<\/strong><\/p>\n<p>AirConsole hat bereits Partnerschaften mit zwei der bekanntesten Namen der Automobilindustrie geschlossen: BMW und Volkswagen. Diese Kooperationen verdeutlichen, wie In-Car-Gaming die Unterhaltung der Fahrg\u00e4ste in verschiedenen Fahrzeugsegmenten neu definieren kann.<\/p>\n<p>Die Integration von AirConsole in die 5er-Reihe von BMW demonstriert, wie sich die Plattform nahtlos in Premium-Infotainmentsysteme einf\u00fcgt und den Passagieren ein fesselndes und unkompliziertes Spielerlebnis bietet. Dazu geh\u00f6rt die Nutzung der Ambientebeleuchtung und anderer immersiver Funktionen, um das Spielerlebnis zu optimieren.<\/p>\n<p>Die Partnerschaft mit Volkswagen unterstreicht die Skalierbarkeit der AirConsole-L\u00f6sung. Durch die Integration in verschiedene ID.-Modelle, darunter ID.4 und ID.7, macht Volkswagen das Spielen im Auto einem breiteren Publikum zug\u00e4nglich. Die Spiele von AirConsole sind speziell f\u00fcr Autos entwickelt und nutzen einzigartige Elemente wie Sitzhaptik und Beleuchtung f\u00fcr ein besonders immersives Spielerlebnis.<\/p>\n<p>Diese Partnerschaften unterstreichen die F\u00e4higkeit von AirConsole, sich an die individuellen Bed\u00fcrfnisse der OEMs anzupassen und gleichzeitig ein qualitativ hochwertiges, bahnbrechendes Spielerlebnis im Auto zu bieten.<\/p>\n<p><strong>Sicherheit geht vor beim Spielen<\/strong><\/p>\n<p>Sicherheit steht bei allen von AirConsole entwickelten Funktionen im Mittelpunkt. AirConsole stellt sicher, dass Spiele nur im Stand oder in bestimmten Sicherheitsmodi zug\u00e4nglich sind, sodass die Konzentration des Fahrers jederzeit gew\u00e4hrleistet ist.<\/p>\n<p><strong>In-Car-Gaming als Werttreiber f\u00fcr Konnektivit\u00e4t<\/strong><\/p>\n<p>In-Car-Gaming ist mehr als nur Unterhaltung \u2013 es steigert den Wert bestehender Konnektivit\u00e4tspakete. Durch die Kombination von AirConsole mit diesen Paketen k\u00f6nnen OEMs:<\/p>\n<ul>\n<li>Steigerung der Akzeptanz ihrer Infotainmentsysteme.<\/li>\n<li>Erzielen Sie einen messbaren ROI durch eine gesteigerte Abonnementnutzung.<\/li>\n<li>St\u00e4rken Sie die Kundenbindung durch sinnvolle und differenzierte Funktionen.<\/li>\n<\/ul>\n<p><strong>Blick in die Zukunft: Die Zukunft der Unterhaltung im Auto<\/strong><\/p>\n<p>Das Potenzial von Spielen im Auto, das Fahrerlebnis grundlegend zu ver\u00e4ndern, ist enorm. Da immer mehr Fahrzeuge mit fortschrittlichen Konnektivit\u00e4tssystemen ausgestattet werden, wird AirConsole weiterhin Innovationen entwickeln und sicherstellen, dass OEMs stets einen Schritt voraus sind.<\/p>\n<p>Indem man sich auf\u00a0<strong>Wertsch\u00f6pfung<\/strong>\u00a0AirConsole und KPIT schaffen mit ma\u00dfgeschneiderten Spielerlebnissen heute die Grundlage f\u00fcr eine Zukunft, in der Autos mehr sind als nur ein Transportmittel \u2013 sie sind Orte der Begegnung, Entspannung und Unterhaltung.<\/p>","protected":false},"excerpt":{"rendered":"<p>As technology continues to evolve, so does the way we experience life on the move. In-car entertainment has taken a monumental leap from radio stations and cassette tapes to sophisticated infotainment systems. Today, it is clear that\u00a0in-car gaming is not just a futuristic idea\u2014it is already shaping the way OEMs approach passenger experience. The Evolution [&hellip;]<\/p>\n","protected":false},"author":11,"featured_media":26054,"parent":0,"menu_order":0,"comment_status":"closed","ping_status":"closed","template":"landing-pages\/landing-content.php","meta":{"_acf_changed":false,"footnotes":""},"class_list":["post-26039","page","type-page","status-publish","has-post-thumbnail","hentry"],"acf":[],"yoast_head":"<!-- This site is optimized with the Yoast SEO plugin v27.2 - https:\/\/yoast.com\/product\/yoast-seo-wordpress\/ -->\n<title>How In-Car Gaming Can Revolutionize Passenger Entertainment and Drive Revenue - KPIT<\/title>\n<meta name=\"robots\" content=\"noindex, follow, max-snippet:-1, max-image-preview:large, max-video-preview:-1\" \/>\n<meta property=\"og:locale\" content=\"de_DE\" \/>\n<meta property=\"og:type\" content=\"article\" \/>\n<meta property=\"og:title\" content=\"How In-Car Gaming Can Revolutionize Passenger Entertainment and Drive Revenue - KPIT\" \/>\n<meta property=\"og:description\" content=\"As technology continues to evolve, so does the way we experience life on the move. In-car entertainment has taken a monumental leap from radio stations and cassette tapes to sophisticated infotainment systems. Today, it is clear that\u00a0in-car gaming is not just a futuristic idea\u2014it is already shaping the way OEMs approach passenger experience. The Evolution [&hellip;]\" \/>\n<meta property=\"og:url\" content=\"https:\/\/developmentuat.kpit.com\/de-de\/how-in-car-gaming-can-revolutionize-passenger-entertainment-and-drive-revenue\/\" \/>\n<meta property=\"og:site_name\" content=\"KPIT\" \/>\n<meta property=\"article:modified_time\" content=\"2025-02-06T11:35:44+00:00\" \/>\n<meta property=\"og:image\" content=\"https:\/\/developmentuat.kpit.com\/wp-content\/uploads\/2025\/02\/VerticalMockup_01-1-scaled-1.jpg\" \/>\n\t<meta property=\"og:image:width\" content=\"2560\" \/>\n\t<meta property=\"og:image:height\" content=\"1410\" \/>\n\t<meta property=\"og:image:type\" content=\"image\/jpeg\" \/>\n<meta name=\"twitter:card\" content=\"summary_large_image\" \/>\n<meta name=\"twitter:label1\" content=\"Gesch\u00e4tzte Lesezeit\" \/>\n\t<meta name=\"twitter:data1\" content=\"5\u00a0Minuten\" \/>\n<script type=\"application\/ld+json\" class=\"yoast-schema-graph\">{\"@context\":\"https:\/\/schema.org\",\"@graph\":[{\"@type\":\"WebPage\",\"@id\":\"https:\/\/developmentuat.kpit.com\/how-in-car-gaming-can-revolutionize-passenger-entertainment-and-drive-revenue\/\",\"url\":\"https:\/\/developmentuat.kpit.com\/how-in-car-gaming-can-revolutionize-passenger-entertainment-and-drive-revenue\/\",\"name\":\"How In-Car Gaming Can Revolutionize Passenger Entertainment and Drive Revenue - KPIT\",\"isPartOf\":{\"@id\":\"https:\/\/developmentuat.kpit.com\/#website\"},\"primaryImageOfPage\":{\"@id\":\"https:\/\/developmentuat.kpit.com\/how-in-car-gaming-can-revolutionize-passenger-entertainment-and-drive-revenue\/#primaryimage\"},\"image\":{\"@id\":\"https:\/\/developmentuat.kpit.com\/how-in-car-gaming-can-revolutionize-passenger-entertainment-and-drive-revenue\/#primaryimage\"},\"thumbnailUrl\":\"https:\/\/developmentuat.kpit.com\/wp-content\/uploads\/2025\/02\/VerticalMockup_01-1-scaled-1.jpg\",\"datePublished\":\"2025-02-06T10:05:32+00:00\",\"dateModified\":\"2025-02-06T11:35:44+00:00\",\"breadcrumb\":{\"@id\":\"https:\/\/developmentuat.kpit.com\/how-in-car-gaming-can-revolutionize-passenger-entertainment-and-drive-revenue\/#breadcrumb\"},\"inLanguage\":\"de\",\"potentialAction\":[{\"@type\":\"ReadAction\",\"target\":[\"https:\/\/developmentuat.kpit.com\/how-in-car-gaming-can-revolutionize-passenger-entertainment-and-drive-revenue\/\"]}]},{\"@type\":\"ImageObject\",\"inLanguage\":\"de\",\"@id\":\"https:\/\/developmentuat.kpit.com\/how-in-car-gaming-can-revolutionize-passenger-entertainment-and-drive-revenue\/#primaryimage\",\"url\":\"https:\/\/developmentuat.kpit.com\/wp-content\/uploads\/2025\/02\/VerticalMockup_01-1-scaled-1.jpg\",\"contentUrl\":\"https:\/\/developmentuat.kpit.com\/wp-content\/uploads\/2025\/02\/VerticalMockup_01-1-scaled-1.jpg\",\"width\":2560,\"height\":1410},{\"@type\":\"BreadcrumbList\",\"@id\":\"https:\/\/developmentuat.kpit.com\/how-in-car-gaming-can-revolutionize-passenger-entertainment-and-drive-revenue\/#breadcrumb\",\"itemListElement\":[{\"@type\":\"ListItem\",\"position\":1,\"name\":\"Home\",\"item\":\"https:\/\/developmentuat.kpit.com\/\"},{\"@type\":\"ListItem\",\"position\":2,\"name\":\"How In-Car Gaming Can Revolutionize Passenger Entertainment and Drive Revenue\"}]},{\"@type\":\"WebSite\",\"@id\":\"https:\/\/developmentuat.kpit.com\/#website\",\"url\":\"https:\/\/developmentuat.kpit.com\/\",\"name\":\"KPIT\",\"description\":\"Technology, Mobility, Software, Automotive\",\"potentialAction\":[{\"@type\":\"SearchAction\",\"target\":{\"@type\":\"EntryPoint\",\"urlTemplate\":\"https:\/\/developmentuat.kpit.com\/?s={search_term_string}\"},\"query-input\":{\"@type\":\"PropertyValueSpecification\",\"valueRequired\":true,\"valueName\":\"search_term_string\"}}],\"inLanguage\":\"de\"}]}<\/script>\n<!-- \/ Yoast SEO plugin. -->","yoast_head_json":{"title":"Wie In-Car-Gaming die Unterhaltung der Fahrg\u00e4ste revolutionieren und den Umsatz steigern kann \u2013 KPIT","robots":{"index":"noindex","follow":"follow","max-snippet":"max-snippet:-1","max-image-preview":"max-image-preview:large","max-video-preview":"max-video-preview:-1"},"og_locale":"de_DE","og_type":"article","og_title":"How In-Car Gaming Can Revolutionize Passenger Entertainment and Drive Revenue - KPIT","og_description":"As technology continues to evolve, so does the way we experience life on the move. In-car entertainment has taken a monumental leap from radio stations and cassette tapes to sophisticated infotainment systems. Today, it is clear that\u00a0in-car gaming is not just a futuristic idea\u2014it is already shaping the way OEMs approach passenger experience. The Evolution [&hellip;]","og_url":"https:\/\/developmentuat.kpit.com\/de-de\/how-in-car-gaming-can-revolutionize-passenger-entertainment-and-drive-revenue\/","og_site_name":"KPIT","article_modified_time":"2025-02-06T11:35:44+00:00","og_image":[{"width":2560,"height":1410,"url":"https:\/\/developmentuat.kpit.com\/wp-content\/uploads\/2025\/02\/VerticalMockup_01-1-scaled-1.jpg","type":"image\/jpeg"}],"twitter_card":"summary_large_image","twitter_misc":{"Gesch\u00e4tzte Lesezeit":"5\u00a0Minuten"},"schema":{"@context":"https:\/\/schema.org","@graph":[{"@type":"WebPage","@id":"https:\/\/developmentuat.kpit.com\/how-in-car-gaming-can-revolutionize-passenger-entertainment-and-drive-revenue\/","url":"https:\/\/developmentuat.kpit.com\/how-in-car-gaming-can-revolutionize-passenger-entertainment-and-drive-revenue\/","name":"Wie In-Car-Gaming die Unterhaltung der Fahrg\u00e4ste revolutionieren und den Umsatz steigern kann \u2013 KPIT","isPartOf":{"@id":"https:\/\/developmentuat.kpit.com\/#website"},"primaryImageOfPage":{"@id":"https:\/\/developmentuat.kpit.com\/how-in-car-gaming-can-revolutionize-passenger-entertainment-and-drive-revenue\/#primaryimage"},"image":{"@id":"https:\/\/developmentuat.kpit.com\/how-in-car-gaming-can-revolutionize-passenger-entertainment-and-drive-revenue\/#primaryimage"},"thumbnailUrl":"https:\/\/developmentuat.kpit.com\/wp-content\/uploads\/2025\/02\/VerticalMockup_01-1-scaled-1.jpg","datePublished":"2025-02-06T10:05:32+00:00","dateModified":"2025-02-06T11:35:44+00:00","breadcrumb":{"@id":"https:\/\/developmentuat.kpit.com\/how-in-car-gaming-can-revolutionize-passenger-entertainment-and-drive-revenue\/#breadcrumb"},"inLanguage":"de","potentialAction":[{"@type":"ReadAction","target":["https:\/\/developmentuat.kpit.com\/how-in-car-gaming-can-revolutionize-passenger-entertainment-and-drive-revenue\/"]}]},{"@type":"ImageObject","inLanguage":"de","@id":"https:\/\/developmentuat.kpit.com\/how-in-car-gaming-can-revolutionize-passenger-entertainment-and-drive-revenue\/#primaryimage","url":"https:\/\/developmentuat.kpit.com\/wp-content\/uploads\/2025\/02\/VerticalMockup_01-1-scaled-1.jpg","contentUrl":"https:\/\/developmentuat.kpit.com\/wp-content\/uploads\/2025\/02\/VerticalMockup_01-1-scaled-1.jpg","width":2560,"height":1410},{"@type":"BreadcrumbList","@id":"https:\/\/developmentuat.kpit.com\/how-in-car-gaming-can-revolutionize-passenger-entertainment-and-drive-revenue\/#breadcrumb","itemListElement":[{"@type":"ListItem","position":1,"name":"Home","item":"https:\/\/developmentuat.kpit.com\/"},{"@type":"ListItem","position":2,"name":"How In-Car Gaming Can Revolutionize Passenger Entertainment and Drive Revenue"}]},{"@type":"WebSite","@id":"https:\/\/developmentuat.kpit.com\/#website","url":"https:\/\/developmentuat.kpit.com\/","name":"KPIT","description":"Technologie, Mobilit\u00e4t, Software, Automotive","potentialAction":[{"@type":"SearchAction","target":{"@type":"EntryPoint","urlTemplate":"https:\/\/developmentuat.kpit.com\/?s={search_term_string}"},"query-input":{"@type":"PropertyValueSpecification","valueRequired":true,"valueName":"search_term_string"}}],"inLanguage":"de"}]}},"_links":{"self":[{"href":"https:\/\/developmentuat.kpit.com\/de-de\/wp-json\/wp\/v2\/pages\/26039","targetHints":{"allow":["GET"]}}],"collection":[{"href":"https:\/\/developmentuat.kpit.com\/de-de\/wp-json\/wp\/v2\/pages"}],"about":[{"href":"https:\/\/developmentuat.kpit.com\/de-de\/wp-json\/wp\/v2\/types\/page"}],"author":[{"embeddable":true,"href":"https:\/\/developmentuat.kpit.com\/de-de\/wp-json\/wp\/v2\/users\/11"}],"replies":[{"embeddable":true,"href":"https:\/\/developmentuat.kpit.com\/de-de\/wp-json\/wp\/v2\/comments?post=26039"}],"version-history":[{"count":3,"href":"https:\/\/developmentuat.kpit.com\/de-de\/wp-json\/wp\/v2\/pages\/26039\/revisions"}],"predecessor-version":[{"id":26059,"href":"https:\/\/developmentuat.kpit.com\/de-de\/wp-json\/wp\/v2\/pages\/26039\/revisions\/26059"}],"wp:featuredmedia":[{"embeddable":true,"href":"https:\/\/developmentuat.kpit.com\/de-de\/wp-json\/wp\/v2\/media\/26054"}],"wp:attachment":[{"href":"https:\/\/developmentuat.kpit.com\/de-de\/wp-json\/wp\/v2\/media?parent=26039"}],"curies":[{"name":"wp","href":"https:\/\/api.w.org\/{rel}","templated":true}]}}