
{"id":22027,"date":"2024-10-10T17:18:05","date_gmt":"2024-10-10T11:48:05","guid":{"rendered":"https:\/\/developmentuat.kpit.com\/?page_id=22027"},"modified":"2025-04-10T10:59:54","modified_gmt":"2025-04-10T05:29:54","slug":"propulsion","status":"publish","type":"page","link":"https:\/\/developmentuat.kpit.com\/de-de\/expertise\/propulsion\/","title":{"rendered":"Antrieb"},"content":{"rendered":"","protected":false},"excerpt":{"rendered":"","protected":false},"author":11,"featured_media":0,"parent":24949,"menu_order":0,"comment_status":"closed","ping_status":"closed","template":"expertise\/exp-propulsion.php","meta":{"_acf_changed":false,"footnotes":""},"class_list":["post-22027","page","type-page","status-publish","hentry"],"acf":[],"yoast_head":"<!-- This site is optimized with the Yoast SEO plugin v27.2 - https:\/\/yoast.com\/product\/yoast-seo-wordpress\/ -->\n<title>Electrification Solutions for EVs &amp; Hybrids: Sustainable Future | KPIT<\/title>\n<meta name=\"description\" content=\"KPIT supports OEMs in transitioning from ICE to electric, offering advanced solutions for EVs, hybrids, and conventional powertrains to drive sustainability.\" \/>\n<meta name=\"robots\" content=\"noindex, follow, max-snippet:-1, max-image-preview:large, max-video-preview:-1\" \/>\n<meta property=\"og:locale\" content=\"de_DE\" \/>\n<meta property=\"og:type\" content=\"article\" \/>\n<meta property=\"og:title\" content=\"Electrification Solutions for EVs &amp; Hybrids: Sustainable Future | KPIT\" \/>\n<meta property=\"og:description\" content=\"KPIT supports OEMs in transitioning from ICE to electric, offering advanced solutions for EVs, hybrids, and conventional powertrains to drive sustainability.\" \/>\n<meta property=\"og:url\" content=\"https:\/\/developmentuat.kpit.com\/de-de\/expertise\/propulsion\/\" \/>\n<meta property=\"og:site_name\" content=\"KPIT\" \/>\n<meta property=\"article:modified_time\" content=\"2025-04-10T05:29:54+00:00\" \/>\n<meta name=\"twitter:card\" content=\"summary_large_image\" \/>\n<script type=\"application\/ld+json\" class=\"yoast-schema-graph\">{\"@context\":\"https:\/\/schema.org\",\"@graph\":[{\"@type\":\"WebPage\",\"@id\":\"https:\/\/developmentuat.kpit.com\/expertise\/propulsion\/\",\"url\":\"https:\/\/developmentuat.kpit.com\/expertise\/propulsion\/\",\"name\":\"Electrification Solutions for EVs & Hybrids: Sustainable Future | KPIT\",\"isPartOf\":{\"@id\":\"https:\/\/developmentuat.kpit.com\/#website\"},\"datePublished\":\"2024-10-10T11:48:05+00:00\",\"dateModified\":\"2025-04-10T05:29:54+00:00\",\"description\":\"KPIT supports OEMs in transitioning from ICE to electric, offering advanced solutions for EVs, hybrids, and conventional powertrains to drive sustainability.\",\"breadcrumb\":{\"@id\":\"https:\/\/developmentuat.kpit.com\/expertise\/propulsion\/#breadcrumb\"},\"inLanguage\":\"de\",\"potentialAction\":[{\"@type\":\"ReadAction\",\"target\":[\"https:\/\/developmentuat.kpit.com\/expertise\/propulsion\/\"]}]},{\"@type\":\"BreadcrumbList\",\"@id\":\"https:\/\/developmentuat.kpit.com\/expertise\/propulsion\/#breadcrumb\",\"itemListElement\":[{\"@type\":\"ListItem\",\"position\":1,\"name\":\"Home\",\"item\":\"https:\/\/developmentuat.kpit.com\/\"},{\"@type\":\"ListItem\",\"position\":2,\"name\":\"Expertise\",\"item\":\"https:\/\/developmentuat.kpit.com\/expertise\/\"},{\"@type\":\"ListItem\",\"position\":3,\"name\":\"Propulsion\"}]},{\"@type\":\"WebSite\",\"@id\":\"https:\/\/developmentuat.kpit.com\/#website\",\"url\":\"https:\/\/developmentuat.kpit.com\/\",\"name\":\"KPIT\",\"description\":\"Technology, Mobility, Software, Automotive\",\"potentialAction\":[{\"@type\":\"SearchAction\",\"target\":{\"@type\":\"EntryPoint\",\"urlTemplate\":\"https:\/\/developmentuat.kpit.com\/?s={search_term_string}\"},\"query-input\":{\"@type\":\"PropertyValueSpecification\",\"valueRequired\":true,\"valueName\":\"search_term_string\"}}],\"inLanguage\":\"de\"}]}<\/script>\n<!-- \/ Yoast SEO plugin. -->","yoast_head_json":{"title":"Elektrifizierungsl\u00f6sungen f\u00fcr Elektrofahrzeuge und Hybride: Nachhaltige Zukunft | KPIT","description":"KPIT unterst\u00fctzt OEMs beim \u00dcbergang von Verbrennungsmotoren zu Elektrofahrzeugen und bietet fortschrittliche L\u00f6sungen f\u00fcr Elektrofahrzeuge, Hybridfahrzeuge und konventionelle Antriebsstr\u00e4nge an, um die Nachhaltigkeit voranzutreiben.","robots":{"index":"noindex","follow":"follow","max-snippet":"max-snippet:-1","max-image-preview":"max-image-preview:large","max-video-preview":"max-video-preview:-1"},"og_locale":"de_DE","og_type":"article","og_title":"Electrification Solutions for EVs & Hybrids: Sustainable Future | KPIT","og_description":"KPIT supports OEMs in transitioning from ICE to electric, offering advanced solutions for EVs, hybrids, and conventional powertrains to drive sustainability.","og_url":"https:\/\/developmentuat.kpit.com\/de-de\/expertise\/propulsion\/","og_site_name":"KPIT","article_modified_time":"2025-04-10T05:29:54+00:00","twitter_card":"summary_large_image","schema":{"@context":"https:\/\/schema.org","@graph":[{"@type":"WebPage","@id":"https:\/\/developmentuat.kpit.com\/expertise\/propulsion\/","url":"https:\/\/developmentuat.kpit.com\/expertise\/propulsion\/","name":"Elektrifizierungsl\u00f6sungen f\u00fcr Elektrofahrzeuge und Hybride: Nachhaltige Zukunft | KPIT","isPartOf":{"@id":"https:\/\/developmentuat.kpit.com\/#website"},"datePublished":"2024-10-10T11:48:05+00:00","dateModified":"2025-04-10T05:29:54+00:00","description":"KPIT unterst\u00fctzt OEMs beim \u00dcbergang von Verbrennungsmotoren zu Elektrofahrzeugen und bietet fortschrittliche L\u00f6sungen f\u00fcr Elektrofahrzeuge, Hybridfahrzeuge und konventionelle Antriebsstr\u00e4nge an, um die Nachhaltigkeit voranzutreiben.","breadcrumb":{"@id":"https:\/\/developmentuat.kpit.com\/expertise\/propulsion\/#breadcrumb"},"inLanguage":"de","potentialAction":[{"@type":"ReadAction","target":["https:\/\/developmentuat.kpit.com\/expertise\/propulsion\/"]}]},{"@type":"BreadcrumbList","@id":"https:\/\/developmentuat.kpit.com\/expertise\/propulsion\/#breadcrumb","itemListElement":[{"@type":"ListItem","position":1,"name":"Home","item":"https:\/\/developmentuat.kpit.com\/"},{"@type":"ListItem","position":2,"name":"Expertise","item":"https:\/\/developmentuat.kpit.com\/expertise\/"},{"@type":"ListItem","position":3,"name":"Propulsion"}]},{"@type":"WebSite","@id":"https:\/\/developmentuat.kpit.com\/#website","url":"https:\/\/developmentuat.kpit.com\/","name":"KPIT","description":"Technologie, Mobilit\u00e4t, Software, Automotive","potentialAction":[{"@type":"SearchAction","target":{"@type":"EntryPoint","urlTemplate":"https:\/\/developmentuat.kpit.com\/?s={search_term_string}"},"query-input":{"@type":"PropertyValueSpecification","valueRequired":true,"valueName":"search_term_string"}}],"inLanguage":"de"}]}},"_links":{"self":[{"href":"https:\/\/developmentuat.kpit.com\/de-de\/wp-json\/wp\/v2\/pages\/22027","targetHints":{"allow":["GET"]}}],"collection":[{"href":"https:\/\/developmentuat.kpit.com\/de-de\/wp-json\/wp\/v2\/pages"}],"about":[{"href":"https:\/\/developmentuat.kpit.com\/de-de\/wp-json\/wp\/v2\/types\/page"}],"author":[{"embeddable":true,"href":"https:\/\/developmentuat.kpit.com\/de-de\/wp-json\/wp\/v2\/users\/11"}],"replies":[{"embeddable":true,"href":"https:\/\/developmentuat.kpit.com\/de-de\/wp-json\/wp\/v2\/comments?post=22027"}],"version-history":[{"count":10,"href":"https:\/\/developmentuat.kpit.com\/de-de\/wp-json\/wp\/v2\/pages\/22027\/revisions"}],"predecessor-version":[{"id":26501,"href":"https:\/\/developmentuat.kpit.com\/de-de\/wp-json\/wp\/v2\/pages\/22027\/revisions\/26501"}],"up":[{"embeddable":true,"href":"https:\/\/developmentuat.kpit.com\/de-de\/wp-json\/wp\/v2\/pages\/24949"}],"wp:attachment":[{"href":"https:\/\/developmentuat.kpit.com\/de-de\/wp-json\/wp\/v2\/media?parent=22027"}],"curies":[{"name":"wp","href":"https:\/\/api.w.org\/{rel}","templated":true}]}}