
{"id":22000,"date":"2024-10-07T12:11:26","date_gmt":"2024-10-07T06:41:26","guid":{"rendered":"https:\/\/developmentuat.kpit.com\/?page_id=22000"},"modified":"2024-11-18T23:21:28","modified_gmt":"2024-11-18T17:51:28","slug":"trucks-and-off-highway-vehicles","status":"publish","type":"page","link":"https:\/\/developmentuat.kpit.com\/de-de\/mobility\/trucks-and-off-highway-vehicles\/","title":{"rendered":"Lkw und Gel\u00e4ndefahrzeuge"},"content":{"rendered":"","protected":false},"excerpt":{"rendered":"","protected":false},"author":11,"featured_media":0,"parent":24938,"menu_order":0,"comment_status":"closed","ping_status":"closed","template":"segments\/segments-commercial-vehicles.php","meta":{"_acf_changed":false,"footnotes":""},"class_list":["post-22000","page","type-page","status-publish","hentry"],"acf":[],"yoast_head":"<!-- This site is optimized with the Yoast SEO plugin v27.2 - https:\/\/yoast.com\/product\/yoast-seo-wordpress\/ -->\n<title>Optimize Profit &amp; Uptime with Commercial Vehicle Solutions | KPIT<\/title>\n<meta name=\"description\" content=\"KPIT enables commercial vehicle makers to boost profitability and adapt with solutions for electrification, digitization, and sustainability.\" \/>\n<meta name=\"robots\" content=\"noindex, follow, max-snippet:-1, max-image-preview:large, max-video-preview:-1\" \/>\n<meta property=\"og:locale\" content=\"de_DE\" \/>\n<meta property=\"og:type\" content=\"article\" \/>\n<meta property=\"og:title\" content=\"Optimize Profit &amp; Uptime with Commercial Vehicle Solutions | KPIT\" \/>\n<meta property=\"og:description\" content=\"KPIT enables commercial vehicle makers to boost profitability and adapt with solutions for electrification, digitization, and sustainability.\" \/>\n<meta property=\"og:url\" content=\"https:\/\/developmentuat.kpit.com\/de-de\/mobility\/trucks-and-off-highway-vehicles\/\" \/>\n<meta property=\"og:site_name\" content=\"KPIT\" \/>\n<meta property=\"article:modified_time\" content=\"2024-11-18T17:51:28+00:00\" \/>\n<meta name=\"twitter:card\" content=\"summary_large_image\" \/>\n<script type=\"application\/ld+json\" class=\"yoast-schema-graph\">{\"@context\":\"https:\/\/schema.org\",\"@graph\":[{\"@type\":\"WebPage\",\"@id\":\"https:\/\/developmentuat.kpit.com\/mobility\/trucks-and-off-highway-vehicles\/\",\"url\":\"https:\/\/developmentuat.kpit.com\/mobility\/trucks-and-off-highway-vehicles\/\",\"name\":\"Optimize Profit & Uptime with Commercial Vehicle Solutions | KPIT\",\"isPartOf\":{\"@id\":\"https:\/\/developmentuat.kpit.com\/#website\"},\"datePublished\":\"2024-10-07T06:41:26+00:00\",\"dateModified\":\"2024-11-18T17:51:28+00:00\",\"description\":\"KPIT enables commercial vehicle makers to boost profitability and adapt with solutions for electrification, digitization, and sustainability.\",\"breadcrumb\":{\"@id\":\"https:\/\/developmentuat.kpit.com\/mobility\/trucks-and-off-highway-vehicles\/#breadcrumb\"},\"inLanguage\":\"de\",\"potentialAction\":[{\"@type\":\"ReadAction\",\"target\":[\"https:\/\/developmentuat.kpit.com\/mobility\/trucks-and-off-highway-vehicles\/\"]}]},{\"@type\":\"BreadcrumbList\",\"@id\":\"https:\/\/developmentuat.kpit.com\/mobility\/trucks-and-off-highway-vehicles\/#breadcrumb\",\"itemListElement\":[{\"@type\":\"ListItem\",\"position\":1,\"name\":\"Home\",\"item\":\"https:\/\/developmentuat.kpit.com\/\"},{\"@type\":\"ListItem\",\"position\":2,\"name\":\"Mobility\",\"item\":\"https:\/\/developmentuat.kpit.com\/mobility\/\"},{\"@type\":\"ListItem\",\"position\":3,\"name\":\"Trucks &#038; off-highway vehicles\"}]},{\"@type\":\"WebSite\",\"@id\":\"https:\/\/developmentuat.kpit.com\/#website\",\"url\":\"https:\/\/developmentuat.kpit.com\/\",\"name\":\"KPIT\",\"description\":\"Technology, Mobility, Software, Automotive\",\"potentialAction\":[{\"@type\":\"SearchAction\",\"target\":{\"@type\":\"EntryPoint\",\"urlTemplate\":\"https:\/\/developmentuat.kpit.com\/?s={search_term_string}\"},\"query-input\":{\"@type\":\"PropertyValueSpecification\",\"valueRequired\":true,\"valueName\":\"search_term_string\"}}],\"inLanguage\":\"de\"}]}<\/script>\n<!-- \/ Yoast SEO plugin. -->","yoast_head_json":{"title":"Optimieren Sie Gewinn und Verf\u00fcgbarkeit mit Nutzfahrzeugl\u00f6sungen | KPIT","description":"KPIT erm\u00f6glicht es Nutzfahrzeugherstellern, ihre Rentabilit\u00e4t zu steigern und sich mit L\u00f6sungen f\u00fcr Elektrifizierung, Digitalisierung und Nachhaltigkeit anzupassen.","robots":{"index":"noindex","follow":"follow","max-snippet":"max-snippet:-1","max-image-preview":"max-image-preview:large","max-video-preview":"max-video-preview:-1"},"og_locale":"de_DE","og_type":"article","og_title":"Optimize Profit & Uptime with Commercial Vehicle Solutions | KPIT","og_description":"KPIT enables commercial vehicle makers to boost profitability and adapt with solutions for electrification, digitization, and sustainability.","og_url":"https:\/\/developmentuat.kpit.com\/de-de\/mobility\/trucks-and-off-highway-vehicles\/","og_site_name":"KPIT","article_modified_time":"2024-11-18T17:51:28+00:00","twitter_card":"summary_large_image","schema":{"@context":"https:\/\/schema.org","@graph":[{"@type":"WebPage","@id":"https:\/\/developmentuat.kpit.com\/mobility\/trucks-and-off-highway-vehicles\/","url":"https:\/\/developmentuat.kpit.com\/mobility\/trucks-and-off-highway-vehicles\/","name":"Optimieren Sie Gewinn und Verf\u00fcgbarkeit mit Nutzfahrzeugl\u00f6sungen | KPIT","isPartOf":{"@id":"https:\/\/developmentuat.kpit.com\/#website"},"datePublished":"2024-10-07T06:41:26+00:00","dateModified":"2024-11-18T17:51:28+00:00","description":"KPIT erm\u00f6glicht es Nutzfahrzeugherstellern, ihre Rentabilit\u00e4t zu steigern und sich mit L\u00f6sungen f\u00fcr Elektrifizierung, Digitalisierung und Nachhaltigkeit anzupassen.","breadcrumb":{"@id":"https:\/\/developmentuat.kpit.com\/mobility\/trucks-and-off-highway-vehicles\/#breadcrumb"},"inLanguage":"de","potentialAction":[{"@type":"ReadAction","target":["https:\/\/developmentuat.kpit.com\/mobility\/trucks-and-off-highway-vehicles\/"]}]},{"@type":"BreadcrumbList","@id":"https:\/\/developmentuat.kpit.com\/mobility\/trucks-and-off-highway-vehicles\/#breadcrumb","itemListElement":[{"@type":"ListItem","position":1,"name":"Home","item":"https:\/\/developmentuat.kpit.com\/"},{"@type":"ListItem","position":2,"name":"Mobility","item":"https:\/\/developmentuat.kpit.com\/mobility\/"},{"@type":"ListItem","position":3,"name":"Trucks &#038; off-highway vehicles"}]},{"@type":"WebSite","@id":"https:\/\/developmentuat.kpit.com\/#website","url":"https:\/\/developmentuat.kpit.com\/","name":"KPIT","description":"Technologie, Mobilit\u00e4t, Software, Automotive","potentialAction":[{"@type":"SearchAction","target":{"@type":"EntryPoint","urlTemplate":"https:\/\/developmentuat.kpit.com\/?s={search_term_string}"},"query-input":{"@type":"PropertyValueSpecification","valueRequired":true,"valueName":"search_term_string"}}],"inLanguage":"de"}]}},"_links":{"self":[{"href":"https:\/\/developmentuat.kpit.com\/de-de\/wp-json\/wp\/v2\/pages\/22000","targetHints":{"allow":["GET"]}}],"collection":[{"href":"https:\/\/developmentuat.kpit.com\/de-de\/wp-json\/wp\/v2\/pages"}],"about":[{"href":"https:\/\/developmentuat.kpit.com\/de-de\/wp-json\/wp\/v2\/types\/page"}],"author":[{"embeddable":true,"href":"https:\/\/developmentuat.kpit.com\/de-de\/wp-json\/wp\/v2\/users\/11"}],"replies":[{"embeddable":true,"href":"https:\/\/developmentuat.kpit.com\/de-de\/wp-json\/wp\/v2\/comments?post=22000"}],"version-history":[{"count":10,"href":"https:\/\/developmentuat.kpit.com\/de-de\/wp-json\/wp\/v2\/pages\/22000\/revisions"}],"predecessor-version":[{"id":25404,"href":"https:\/\/developmentuat.kpit.com\/de-de\/wp-json\/wp\/v2\/pages\/22000\/revisions\/25404"}],"up":[{"embeddable":true,"href":"https:\/\/developmentuat.kpit.com\/de-de\/wp-json\/wp\/v2\/pages\/24938"}],"wp:attachment":[{"href":"https:\/\/developmentuat.kpit.com\/de-de\/wp-json\/wp\/v2\/media?parent=22000"}],"curies":[{"name":"wp","href":"https:\/\/api.w.org\/{rel}","templated":true}]}}