
{"id":21987,"date":"2024-09-26T10:03:01","date_gmt":"2024-09-26T04:33:01","guid":{"rendered":"https:\/\/developmentuat.kpit.com\/?page_id=21987"},"modified":"2024-11-18T12:31:57","modified_gmt":"2024-11-18T07:01:57","slug":"vehicle-engineering-and-design","status":"publish","type":"page","link":"https:\/\/developmentuat.kpit.com\/de-de\/expertise\/vehicle-engineering-and-design\/","title":{"rendered":"Fahrzeugtechnik und -design"},"content":{"rendered":"","protected":false},"excerpt":{"rendered":"","protected":false},"author":11,"featured_media":0,"parent":24949,"menu_order":0,"comment_status":"closed","ping_status":"closed","template":"expertise\/leo-exp-domain-vehicle.php","meta":{"_acf_changed":false,"footnotes":""},"class_list":["post-21987","page","type-page","status-publish","hentry"],"acf":[],"yoast_head":"<!-- This site is optimized with the Yoast SEO plugin v27.2 - https:\/\/yoast.com\/product\/yoast-seo-wordpress\/ -->\n<title>Vehicle Engineering &amp; Design | KPIT<\/title>\n<meta name=\"description\" content=\"KPIT&#039;s design &amp; simulation services empower OEMs with virtual prototyping, modular platforms, and AI-powered tools for faster, cost-effective vehicle development.\" \/>\n<meta name=\"robots\" content=\"noindex, follow, max-snippet:-1, max-image-preview:large, max-video-preview:-1\" \/>\n<meta property=\"og:locale\" content=\"de_DE\" \/>\n<meta property=\"og:type\" content=\"article\" \/>\n<meta property=\"og:title\" content=\"Vehicle Engineering &amp; Design | KPIT\" \/>\n<meta property=\"og:description\" content=\"KPIT&#039;s design &amp; simulation services empower OEMs with virtual prototyping, modular platforms, and AI-powered tools for faster, cost-effective vehicle development.\" \/>\n<meta property=\"og:url\" content=\"https:\/\/developmentuat.kpit.com\/de-de\/expertise\/vehicle-engineering-and-design\/\" \/>\n<meta property=\"og:site_name\" content=\"KPIT\" \/>\n<meta property=\"article:modified_time\" content=\"2024-11-18T07:01:57+00:00\" \/>\n<meta name=\"twitter:card\" content=\"summary_large_image\" \/>\n<script type=\"application\/ld+json\" class=\"yoast-schema-graph\">{\"@context\":\"https:\/\/schema.org\",\"@graph\":[{\"@type\":\"WebPage\",\"@id\":\"https:\/\/developmentuat.kpit.com\/expertise\/vehicle-engineering-and-design\/\",\"url\":\"https:\/\/developmentuat.kpit.com\/expertise\/vehicle-engineering-and-design\/\",\"name\":\"Vehicle Engineering & Design | KPIT\",\"isPartOf\":{\"@id\":\"https:\/\/developmentuat.kpit.com\/#website\"},\"datePublished\":\"2024-09-26T04:33:01+00:00\",\"dateModified\":\"2024-11-18T07:01:57+00:00\",\"description\":\"KPIT's design & simulation services empower OEMs with virtual prototyping, modular platforms, and AI-powered tools for faster, cost-effective vehicle development.\",\"breadcrumb\":{\"@id\":\"https:\/\/developmentuat.kpit.com\/expertise\/vehicle-engineering-and-design\/#breadcrumb\"},\"inLanguage\":\"de\",\"potentialAction\":[{\"@type\":\"ReadAction\",\"target\":[\"https:\/\/developmentuat.kpit.com\/expertise\/vehicle-engineering-and-design\/\"]}]},{\"@type\":\"BreadcrumbList\",\"@id\":\"https:\/\/developmentuat.kpit.com\/expertise\/vehicle-engineering-and-design\/#breadcrumb\",\"itemListElement\":[{\"@type\":\"ListItem\",\"position\":1,\"name\":\"Home\",\"item\":\"https:\/\/developmentuat.kpit.com\/\"},{\"@type\":\"ListItem\",\"position\":2,\"name\":\"Expertise\",\"item\":\"https:\/\/developmentuat.kpit.com\/expertise\/\"},{\"@type\":\"ListItem\",\"position\":3,\"name\":\"Vehicle Engineering &#038; Design\"}]},{\"@type\":\"WebSite\",\"@id\":\"https:\/\/developmentuat.kpit.com\/#website\",\"url\":\"https:\/\/developmentuat.kpit.com\/\",\"name\":\"KPIT\",\"description\":\"Technology, Mobility, Software, Automotive\",\"potentialAction\":[{\"@type\":\"SearchAction\",\"target\":{\"@type\":\"EntryPoint\",\"urlTemplate\":\"https:\/\/developmentuat.kpit.com\/?s={search_term_string}\"},\"query-input\":{\"@type\":\"PropertyValueSpecification\",\"valueRequired\":true,\"valueName\":\"search_term_string\"}}],\"inLanguage\":\"de\"}]}<\/script>\n<!-- \/ Yoast SEO plugin. -->","yoast_head_json":{"title":"Fahrzeugtechnik &amp; -design | KPIT","description":"Die Design- und Simulationsdienstleistungen von KPIT erm\u00f6glichen OEMs virtuelles Prototyping, modulare Plattformen und KI-gest\u00fctzte Tools f\u00fcr eine schnellere und kosteng\u00fcnstigere Fahrzeugentwicklung.","robots":{"index":"noindex","follow":"follow","max-snippet":"max-snippet:-1","max-image-preview":"max-image-preview:large","max-video-preview":"max-video-preview:-1"},"og_locale":"de_DE","og_type":"article","og_title":"Vehicle Engineering & Design | KPIT","og_description":"KPIT's design & simulation services empower OEMs with virtual prototyping, modular platforms, and AI-powered tools for faster, cost-effective vehicle development.","og_url":"https:\/\/developmentuat.kpit.com\/de-de\/expertise\/vehicle-engineering-and-design\/","og_site_name":"KPIT","article_modified_time":"2024-11-18T07:01:57+00:00","twitter_card":"summary_large_image","schema":{"@context":"https:\/\/schema.org","@graph":[{"@type":"WebPage","@id":"https:\/\/developmentuat.kpit.com\/expertise\/vehicle-engineering-and-design\/","url":"https:\/\/developmentuat.kpit.com\/expertise\/vehicle-engineering-and-design\/","name":"Fahrzeugtechnik &amp; -design | KPIT","isPartOf":{"@id":"https:\/\/developmentuat.kpit.com\/#website"},"datePublished":"2024-09-26T04:33:01+00:00","dateModified":"2024-11-18T07:01:57+00:00","description":"Die Design- und Simulationsdienstleistungen von KPIT erm\u00f6glichen OEMs virtuelles Prototyping, modulare Plattformen und KI-gest\u00fctzte Tools f\u00fcr eine schnellere und kosteng\u00fcnstigere Fahrzeugentwicklung.","breadcrumb":{"@id":"https:\/\/developmentuat.kpit.com\/expertise\/vehicle-engineering-and-design\/#breadcrumb"},"inLanguage":"de","potentialAction":[{"@type":"ReadAction","target":["https:\/\/developmentuat.kpit.com\/expertise\/vehicle-engineering-and-design\/"]}]},{"@type":"BreadcrumbList","@id":"https:\/\/developmentuat.kpit.com\/expertise\/vehicle-engineering-and-design\/#breadcrumb","itemListElement":[{"@type":"ListItem","position":1,"name":"Home","item":"https:\/\/developmentuat.kpit.com\/"},{"@type":"ListItem","position":2,"name":"Expertise","item":"https:\/\/developmentuat.kpit.com\/expertise\/"},{"@type":"ListItem","position":3,"name":"Vehicle Engineering &#038; Design"}]},{"@type":"WebSite","@id":"https:\/\/developmentuat.kpit.com\/#website","url":"https:\/\/developmentuat.kpit.com\/","name":"KPIT","description":"Technologie, Mobilit\u00e4t, Software, Automotive","potentialAction":[{"@type":"SearchAction","target":{"@type":"EntryPoint","urlTemplate":"https:\/\/developmentuat.kpit.com\/?s={search_term_string}"},"query-input":{"@type":"PropertyValueSpecification","valueRequired":true,"valueName":"search_term_string"}}],"inLanguage":"de"}]}},"_links":{"self":[{"href":"https:\/\/developmentuat.kpit.com\/de-de\/wp-json\/wp\/v2\/pages\/21987","targetHints":{"allow":["GET"]}}],"collection":[{"href":"https:\/\/developmentuat.kpit.com\/de-de\/wp-json\/wp\/v2\/pages"}],"about":[{"href":"https:\/\/developmentuat.kpit.com\/de-de\/wp-json\/wp\/v2\/types\/page"}],"author":[{"embeddable":true,"href":"https:\/\/developmentuat.kpit.com\/de-de\/wp-json\/wp\/v2\/users\/11"}],"replies":[{"embeddable":true,"href":"https:\/\/developmentuat.kpit.com\/de-de\/wp-json\/wp\/v2\/comments?post=21987"}],"version-history":[{"count":10,"href":"https:\/\/developmentuat.kpit.com\/de-de\/wp-json\/wp\/v2\/pages\/21987\/revisions"}],"predecessor-version":[{"id":25090,"href":"https:\/\/developmentuat.kpit.com\/de-de\/wp-json\/wp\/v2\/pages\/21987\/revisions\/25090"}],"up":[{"embeddable":true,"href":"https:\/\/developmentuat.kpit.com\/de-de\/wp-json\/wp\/v2\/pages\/24949"}],"wp:attachment":[{"href":"https:\/\/developmentuat.kpit.com\/de-de\/wp-json\/wp\/v2\/media?parent=21987"}],"curies":[{"name":"wp","href":"https:\/\/api.w.org\/{rel}","templated":true}]}}