
{"id":21983,"date":"2024-09-26T10:02:07","date_gmt":"2024-09-26T04:32:07","guid":{"rendered":"https:\/\/developmentuat.kpit.com\/?page_id=21983"},"modified":"2024-11-16T18:28:08","modified_gmt":"2024-11-16T12:58:08","slug":"cockpit","status":"publish","type":"page","link":"https:\/\/developmentuat.kpit.com\/de-de\/expertise\/cockpit\/","title":{"rendered":"Cockpit"},"content":{"rendered":"","protected":false},"excerpt":{"rendered":"","protected":false},"author":11,"featured_media":0,"parent":24949,"menu_order":0,"comment_status":"closed","ping_status":"closed","template":"expertise\/leo-exp-domain-cockpit.php","meta":{"_acf_changed":false,"footnotes":""},"class_list":["post-21983","page","type-page","status-publish","hentry"],"acf":[],"yoast_head":"<!-- This site is optimized with the Yoast SEO plugin v27.2 - https:\/\/yoast.com\/product\/yoast-seo-wordpress\/ -->\n<title>Digital Bridge: In-Vehicle &amp; Connected World Integration | KPIT<\/title>\n<meta name=\"description\" content=\"Elevate in-cabin experiences with KPIT&#039;s connected cockpit solutions, transforming car interiors with personalization, productivity, and safety.\" \/>\n<meta name=\"robots\" content=\"noindex, follow, max-snippet:-1, max-image-preview:large, max-video-preview:-1\" \/>\n<meta property=\"og:locale\" content=\"de_DE\" \/>\n<meta property=\"og:type\" content=\"article\" \/>\n<meta property=\"og:title\" content=\"Digital Bridge: In-Vehicle &amp; Connected World Integration | KPIT\" \/>\n<meta property=\"og:description\" content=\"Elevate in-cabin experiences with KPIT&#039;s connected cockpit solutions, transforming car interiors with personalization, productivity, and safety.\" \/>\n<meta property=\"og:url\" content=\"https:\/\/developmentuat.kpit.com\/de-de\/expertise\/cockpit\/\" \/>\n<meta property=\"og:site_name\" content=\"KPIT\" \/>\n<meta property=\"article:modified_time\" content=\"2024-11-16T12:58:08+00:00\" \/>\n<meta name=\"twitter:card\" content=\"summary_large_image\" \/>\n<script type=\"application\/ld+json\" class=\"yoast-schema-graph\">{\"@context\":\"https:\/\/schema.org\",\"@graph\":[{\"@type\":\"WebPage\",\"@id\":\"https:\/\/developmentuat.kpit.com\/expertise\/cockpit\/\",\"url\":\"https:\/\/developmentuat.kpit.com\/expertise\/cockpit\/\",\"name\":\"Digital Bridge: In-Vehicle & Connected World Integration | KPIT\",\"isPartOf\":{\"@id\":\"https:\/\/developmentuat.kpit.com\/#website\"},\"datePublished\":\"2024-09-26T04:32:07+00:00\",\"dateModified\":\"2024-11-16T12:58:08+00:00\",\"description\":\"Elevate in-cabin experiences with KPIT's connected cockpit solutions, transforming car interiors with personalization, productivity, and safety.\",\"breadcrumb\":{\"@id\":\"https:\/\/developmentuat.kpit.com\/expertise\/cockpit\/#breadcrumb\"},\"inLanguage\":\"de\",\"potentialAction\":[{\"@type\":\"ReadAction\",\"target\":[\"https:\/\/developmentuat.kpit.com\/expertise\/cockpit\/\"]}]},{\"@type\":\"BreadcrumbList\",\"@id\":\"https:\/\/developmentuat.kpit.com\/expertise\/cockpit\/#breadcrumb\",\"itemListElement\":[{\"@type\":\"ListItem\",\"position\":1,\"name\":\"Home\",\"item\":\"https:\/\/developmentuat.kpit.com\/\"},{\"@type\":\"ListItem\",\"position\":2,\"name\":\"Expertise\",\"item\":\"https:\/\/developmentuat.kpit.com\/expertise\/\"},{\"@type\":\"ListItem\",\"position\":3,\"name\":\"Cockpit\"}]},{\"@type\":\"WebSite\",\"@id\":\"https:\/\/developmentuat.kpit.com\/#website\",\"url\":\"https:\/\/developmentuat.kpit.com\/\",\"name\":\"KPIT\",\"description\":\"Technology, Mobility, Software, Automotive\",\"potentialAction\":[{\"@type\":\"SearchAction\",\"target\":{\"@type\":\"EntryPoint\",\"urlTemplate\":\"https:\/\/developmentuat.kpit.com\/?s={search_term_string}\"},\"query-input\":{\"@type\":\"PropertyValueSpecification\",\"valueRequired\":true,\"valueName\":\"search_term_string\"}}],\"inLanguage\":\"de\"}]}<\/script>\n<!-- \/ Yoast SEO plugin. -->","yoast_head_json":{"title":"Digitale Br\u00fccke: Integration von Fahrzeug und vernetzter Welt | KPIT","description":"Verbessern Sie das Erlebnis im Fahrzeuginnenraum mit den vernetzten Cockpit-L\u00f6sungen von KPIT und verwandeln Sie Fahrzeuginnenr\u00e4ume mit Personalisierung, Produktivit\u00e4t und Sicherheit.","robots":{"index":"noindex","follow":"follow","max-snippet":"max-snippet:-1","max-image-preview":"max-image-preview:large","max-video-preview":"max-video-preview:-1"},"og_locale":"de_DE","og_type":"article","og_title":"Digital Bridge: In-Vehicle & Connected World Integration | KPIT","og_description":"Elevate in-cabin experiences with KPIT's connected cockpit solutions, transforming car interiors with personalization, productivity, and safety.","og_url":"https:\/\/developmentuat.kpit.com\/de-de\/expertise\/cockpit\/","og_site_name":"KPIT","article_modified_time":"2024-11-16T12:58:08+00:00","twitter_card":"summary_large_image","schema":{"@context":"https:\/\/schema.org","@graph":[{"@type":"WebPage","@id":"https:\/\/developmentuat.kpit.com\/expertise\/cockpit\/","url":"https:\/\/developmentuat.kpit.com\/expertise\/cockpit\/","name":"Digitale Br\u00fccke: Integration von Fahrzeug und vernetzter Welt | KPIT","isPartOf":{"@id":"https:\/\/developmentuat.kpit.com\/#website"},"datePublished":"2024-09-26T04:32:07+00:00","dateModified":"2024-11-16T12:58:08+00:00","description":"Verbessern Sie das Erlebnis im Fahrzeuginnenraum mit den vernetzten Cockpit-L\u00f6sungen von KPIT und verwandeln Sie Fahrzeuginnenr\u00e4ume mit Personalisierung, Produktivit\u00e4t und Sicherheit.","breadcrumb":{"@id":"https:\/\/developmentuat.kpit.com\/expertise\/cockpit\/#breadcrumb"},"inLanguage":"de","potentialAction":[{"@type":"ReadAction","target":["https:\/\/developmentuat.kpit.com\/expertise\/cockpit\/"]}]},{"@type":"BreadcrumbList","@id":"https:\/\/developmentuat.kpit.com\/expertise\/cockpit\/#breadcrumb","itemListElement":[{"@type":"ListItem","position":1,"name":"Home","item":"https:\/\/developmentuat.kpit.com\/"},{"@type":"ListItem","position":2,"name":"Expertise","item":"https:\/\/developmentuat.kpit.com\/expertise\/"},{"@type":"ListItem","position":3,"name":"Cockpit"}]},{"@type":"WebSite","@id":"https:\/\/developmentuat.kpit.com\/#website","url":"https:\/\/developmentuat.kpit.com\/","name":"KPIT","description":"Technologie, Mobilit\u00e4t, Software, Automotive","potentialAction":[{"@type":"SearchAction","target":{"@type":"EntryPoint","urlTemplate":"https:\/\/developmentuat.kpit.com\/?s={search_term_string}"},"query-input":{"@type":"PropertyValueSpecification","valueRequired":true,"valueName":"search_term_string"}}],"inLanguage":"de"}]}},"_links":{"self":[{"href":"https:\/\/developmentuat.kpit.com\/de-de\/wp-json\/wp\/v2\/pages\/21983","targetHints":{"allow":["GET"]}}],"collection":[{"href":"https:\/\/developmentuat.kpit.com\/de-de\/wp-json\/wp\/v2\/pages"}],"about":[{"href":"https:\/\/developmentuat.kpit.com\/de-de\/wp-json\/wp\/v2\/types\/page"}],"author":[{"embeddable":true,"href":"https:\/\/developmentuat.kpit.com\/de-de\/wp-json\/wp\/v2\/users\/11"}],"replies":[{"embeddable":true,"href":"https:\/\/developmentuat.kpit.com\/de-de\/wp-json\/wp\/v2\/comments?post=21983"}],"version-history":[{"count":10,"href":"https:\/\/developmentuat.kpit.com\/de-de\/wp-json\/wp\/v2\/pages\/21983\/revisions"}],"predecessor-version":[{"id":24991,"href":"https:\/\/developmentuat.kpit.com\/de-de\/wp-json\/wp\/v2\/pages\/21983\/revisions\/24991"}],"up":[{"embeddable":true,"href":"https:\/\/developmentuat.kpit.com\/de-de\/wp-json\/wp\/v2\/pages\/24949"}],"wp:attachment":[{"href":"https:\/\/developmentuat.kpit.com\/de-de\/wp-json\/wp\/v2\/media?parent=21983"}],"curies":[{"name":"wp","href":"https:\/\/api.w.org\/{rel}","templated":true}]}}