
{"id":21981,"date":"2024-09-26T10:01:26","date_gmt":"2024-09-26T04:31:26","guid":{"rendered":"https:\/\/developmentuat.kpit.com\/?page_id=21981"},"modified":"2024-11-16T18:16:39","modified_gmt":"2024-11-16T12:46:39","slug":"chassis","status":"publish","type":"page","link":"https:\/\/developmentuat.kpit.com\/de-de\/expertise\/chassis\/","title":{"rendered":"Chassis"},"content":{"rendered":"","protected":false},"excerpt":{"rendered":"","protected":false},"author":11,"featured_media":0,"parent":24949,"menu_order":0,"comment_status":"closed","ping_status":"closed","template":"expertise\/leo-exp-domain-chassis.php","meta":{"_acf_changed":false,"footnotes":""},"class_list":["post-21981","page","type-page","status-publish","hentry"],"acf":[],"yoast_head":"<!-- This site is optimized with the Yoast SEO plugin v27.2 - https:\/\/yoast.com\/product\/yoast-seo-wordpress\/ -->\n<title>Modular Chassis Solutions for Software-Defined Vehicles | KPIT Modular Chassis Architectures: Simplify SDV Integration | KKPIT<\/title>\n<meta name=\"description\" content=\"KPIT\u2019s chassis engineering solutions unlock SDV potential with modular, scalable architectures that simplify integration, cut complexity, and boost efficiency.\" \/>\n<meta name=\"robots\" content=\"noindex, follow, max-snippet:-1, max-image-preview:large, max-video-preview:-1\" \/>\n<meta property=\"og:locale\" content=\"de_DE\" \/>\n<meta property=\"og:type\" content=\"article\" \/>\n<meta property=\"og:title\" content=\"Modular Chassis Solutions for Software-Defined Vehicles | KPIT Modular Chassis Architectures: Simplify SDV Integration | KKPIT\" \/>\n<meta property=\"og:description\" content=\"KPIT\u2019s chassis engineering solutions unlock SDV potential with modular, scalable architectures that simplify integration, cut complexity, and boost efficiency.\" \/>\n<meta property=\"og:url\" content=\"https:\/\/developmentuat.kpit.com\/de-de\/expertise\/chassis\/\" \/>\n<meta property=\"og:site_name\" content=\"KPIT\" \/>\n<meta property=\"article:modified_time\" content=\"2024-11-16T12:46:39+00:00\" \/>\n<meta name=\"twitter:card\" content=\"summary_large_image\" \/>\n<script type=\"application\/ld+json\" class=\"yoast-schema-graph\">{\"@context\":\"https:\/\/schema.org\",\"@graph\":[{\"@type\":\"WebPage\",\"@id\":\"https:\/\/developmentuat.kpit.com\/expertise\/chassis\/\",\"url\":\"https:\/\/developmentuat.kpit.com\/expertise\/chassis\/\",\"name\":\"Modular Chassis Solutions for Software-Defined Vehicles | KPIT Modular Chassis Architectures: Simplify SDV Integration | KKPIT\",\"isPartOf\":{\"@id\":\"https:\/\/developmentuat.kpit.com\/#website\"},\"datePublished\":\"2024-09-26T04:31:26+00:00\",\"dateModified\":\"2024-11-16T12:46:39+00:00\",\"description\":\"KPIT\u2019s chassis engineering solutions unlock SDV potential with modular, scalable architectures that simplify integration, cut complexity, and boost efficiency.\",\"breadcrumb\":{\"@id\":\"https:\/\/developmentuat.kpit.com\/expertise\/chassis\/#breadcrumb\"},\"inLanguage\":\"de\",\"potentialAction\":[{\"@type\":\"ReadAction\",\"target\":[\"https:\/\/developmentuat.kpit.com\/expertise\/chassis\/\"]}]},{\"@type\":\"BreadcrumbList\",\"@id\":\"https:\/\/developmentuat.kpit.com\/expertise\/chassis\/#breadcrumb\",\"itemListElement\":[{\"@type\":\"ListItem\",\"position\":1,\"name\":\"Home\",\"item\":\"https:\/\/developmentuat.kpit.com\/\"},{\"@type\":\"ListItem\",\"position\":2,\"name\":\"Expertise\",\"item\":\"https:\/\/developmentuat.kpit.com\/expertise\/\"},{\"@type\":\"ListItem\",\"position\":3,\"name\":\"Chassis\"}]},{\"@type\":\"WebSite\",\"@id\":\"https:\/\/developmentuat.kpit.com\/#website\",\"url\":\"https:\/\/developmentuat.kpit.com\/\",\"name\":\"KPIT\",\"description\":\"Technology, Mobility, Software, Automotive\",\"potentialAction\":[{\"@type\":\"SearchAction\",\"target\":{\"@type\":\"EntryPoint\",\"urlTemplate\":\"https:\/\/developmentuat.kpit.com\/?s={search_term_string}\"},\"query-input\":{\"@type\":\"PropertyValueSpecification\",\"valueRequired\":true,\"valueName\":\"search_term_string\"}}],\"inLanguage\":\"de\"}]}<\/script>\n<!-- \/ Yoast SEO plugin. -->","yoast_head_json":{"title":"Modulare Chassis-L\u00f6sungen f\u00fcr softwaredefinierte Fahrzeuge | KPIT Modulare Chassis-Architekturen: Vereinfachte SDV-Integration | KKPIT","description":"Die Chassis-Engineering-L\u00f6sungen von KPIT erschlie\u00dfen das Potenzial von SDV durch modulare, skalierbare Architekturen, die die Integration vereinfachen, die Komplexit\u00e4t reduzieren und die Effizienz steigern.","robots":{"index":"noindex","follow":"follow","max-snippet":"max-snippet:-1","max-image-preview":"max-image-preview:large","max-video-preview":"max-video-preview:-1"},"og_locale":"de_DE","og_type":"article","og_title":"Modular Chassis Solutions for Software-Defined Vehicles | KPIT Modular Chassis Architectures: Simplify SDV Integration | KKPIT","og_description":"KPIT\u2019s chassis engineering solutions unlock SDV potential with modular, scalable architectures that simplify integration, cut complexity, and boost efficiency.","og_url":"https:\/\/developmentuat.kpit.com\/de-de\/expertise\/chassis\/","og_site_name":"KPIT","article_modified_time":"2024-11-16T12:46:39+00:00","twitter_card":"summary_large_image","schema":{"@context":"https:\/\/schema.org","@graph":[{"@type":"WebPage","@id":"https:\/\/developmentuat.kpit.com\/expertise\/chassis\/","url":"https:\/\/developmentuat.kpit.com\/expertise\/chassis\/","name":"Modulare Chassis-L\u00f6sungen f\u00fcr softwaredefinierte Fahrzeuge | KPIT Modulare Chassis-Architekturen: Vereinfachte SDV-Integration | KKPIT","isPartOf":{"@id":"https:\/\/developmentuat.kpit.com\/#website"},"datePublished":"2024-09-26T04:31:26+00:00","dateModified":"2024-11-16T12:46:39+00:00","description":"Die Chassis-Engineering-L\u00f6sungen von KPIT erschlie\u00dfen das Potenzial von SDV durch modulare, skalierbare Architekturen, die die Integration vereinfachen, die Komplexit\u00e4t reduzieren und die Effizienz steigern.","breadcrumb":{"@id":"https:\/\/developmentuat.kpit.com\/expertise\/chassis\/#breadcrumb"},"inLanguage":"de","potentialAction":[{"@type":"ReadAction","target":["https:\/\/developmentuat.kpit.com\/expertise\/chassis\/"]}]},{"@type":"BreadcrumbList","@id":"https:\/\/developmentuat.kpit.com\/expertise\/chassis\/#breadcrumb","itemListElement":[{"@type":"ListItem","position":1,"name":"Home","item":"https:\/\/developmentuat.kpit.com\/"},{"@type":"ListItem","position":2,"name":"Expertise","item":"https:\/\/developmentuat.kpit.com\/expertise\/"},{"@type":"ListItem","position":3,"name":"Chassis"}]},{"@type":"WebSite","@id":"https:\/\/developmentuat.kpit.com\/#website","url":"https:\/\/developmentuat.kpit.com\/","name":"KPIT","description":"Technologie, Mobilit\u00e4t, Software, Automotive","potentialAction":[{"@type":"SearchAction","target":{"@type":"EntryPoint","urlTemplate":"https:\/\/developmentuat.kpit.com\/?s={search_term_string}"},"query-input":{"@type":"PropertyValueSpecification","valueRequired":true,"valueName":"search_term_string"}}],"inLanguage":"de"}]}},"_links":{"self":[{"href":"https:\/\/developmentuat.kpit.com\/de-de\/wp-json\/wp\/v2\/pages\/21981","targetHints":{"allow":["GET"]}}],"collection":[{"href":"https:\/\/developmentuat.kpit.com\/de-de\/wp-json\/wp\/v2\/pages"}],"about":[{"href":"https:\/\/developmentuat.kpit.com\/de-de\/wp-json\/wp\/v2\/types\/page"}],"author":[{"embeddable":true,"href":"https:\/\/developmentuat.kpit.com\/de-de\/wp-json\/wp\/v2\/users\/11"}],"replies":[{"embeddable":true,"href":"https:\/\/developmentuat.kpit.com\/de-de\/wp-json\/wp\/v2\/comments?post=21981"}],"version-history":[{"count":10,"href":"https:\/\/developmentuat.kpit.com\/de-de\/wp-json\/wp\/v2\/pages\/21981\/revisions"}],"predecessor-version":[{"id":24979,"href":"https:\/\/developmentuat.kpit.com\/de-de\/wp-json\/wp\/v2\/pages\/21981\/revisions\/24979"}],"up":[{"embeddable":true,"href":"https:\/\/developmentuat.kpit.com\/de-de\/wp-json\/wp\/v2\/pages\/24949"}],"wp:attachment":[{"href":"https:\/\/developmentuat.kpit.com\/de-de\/wp-json\/wp\/v2\/media?parent=21981"}],"curies":[{"name":"wp","href":"https:\/\/api.w.org\/{rel}","templated":true}]}}