
{"id":21971,"date":"2024-09-26T09:58:31","date_gmt":"2024-09-26T04:28:31","guid":{"rendered":"https:\/\/developmentuat.kpit.com\/?page_id=21971"},"modified":"2024-11-16T18:55:46","modified_gmt":"2024-11-16T13:25:46","slug":"articles","status":"publish","type":"page","link":"https:\/\/developmentuat.kpit.com\/de-de\/articles\/","title":{"rendered":"Artikel"},"content":{"rendered":"","protected":false},"excerpt":{"rendered":"","protected":false},"author":11,"featured_media":0,"parent":0,"menu_order":0,"comment_status":"closed","ping_status":"closed","template":"insight-articles.php","meta":{"_acf_changed":false,"footnotes":""},"class_list":["post-21971","page","type-page","status-publish","hentry"],"acf":[],"yoast_head":"<!-- This site is optimized with the Yoast SEO plugin v27.2 - https:\/\/yoast.com\/product\/yoast-seo-wordpress\/ -->\n<title>Mobility Insights: Expert Articles on Automotive Technology | KPIT<\/title>\n<meta name=\"description\" content=\"Discover KPIT\u2019s latest articles on mobility technology, covering innovations, trends, and expert insights shaping the future of automotive solutions.\" \/>\n<meta name=\"robots\" content=\"noindex, follow, max-snippet:-1, max-image-preview:large, max-video-preview:-1\" \/>\n<meta property=\"og:locale\" content=\"de_DE\" \/>\n<meta property=\"og:type\" content=\"article\" \/>\n<meta property=\"og:title\" content=\"Mobility Insights: Expert Articles on Automotive Technology | KPIT\" \/>\n<meta property=\"og:description\" content=\"Discover KPIT\u2019s latest articles on mobility technology, covering innovations, trends, and expert insights shaping the future of automotive solutions.\" \/>\n<meta property=\"og:url\" content=\"https:\/\/developmentuat.kpit.com\/de-de\/articles\/\" \/>\n<meta property=\"og:site_name\" content=\"KPIT\" \/>\n<meta property=\"article:modified_time\" content=\"2024-11-16T13:25:46+00:00\" \/>\n<meta name=\"twitter:card\" content=\"summary_large_image\" \/>\n<script type=\"application\/ld+json\" class=\"yoast-schema-graph\">{\"@context\":\"https:\/\/schema.org\",\"@graph\":[{\"@type\":\"WebPage\",\"@id\":\"https:\/\/developmentuat.kpit.com\/articles\/\",\"url\":\"https:\/\/developmentuat.kpit.com\/articles\/\",\"name\":\"Mobility Insights: Expert Articles on Automotive Technology | KPIT\",\"isPartOf\":{\"@id\":\"https:\/\/developmentuat.kpit.com\/#website\"},\"datePublished\":\"2024-09-26T04:28:31+00:00\",\"dateModified\":\"2024-11-16T13:25:46+00:00\",\"description\":\"Discover KPIT\u2019s latest articles on mobility technology, covering innovations, trends, and expert insights shaping the future of automotive solutions.\",\"breadcrumb\":{\"@id\":\"https:\/\/developmentuat.kpit.com\/articles\/#breadcrumb\"},\"inLanguage\":\"de\",\"potentialAction\":[{\"@type\":\"ReadAction\",\"target\":[\"https:\/\/developmentuat.kpit.com\/articles\/\"]}]},{\"@type\":\"BreadcrumbList\",\"@id\":\"https:\/\/developmentuat.kpit.com\/articles\/#breadcrumb\",\"itemListElement\":[{\"@type\":\"ListItem\",\"position\":1,\"name\":\"Home\",\"item\":\"https:\/\/developmentuat.kpit.com\/\"},{\"@type\":\"ListItem\",\"position\":2,\"name\":\"Articles\"}]},{\"@type\":\"WebSite\",\"@id\":\"https:\/\/developmentuat.kpit.com\/#website\",\"url\":\"https:\/\/developmentuat.kpit.com\/\",\"name\":\"KPIT\",\"description\":\"Technology, Mobility, Software, Automotive\",\"potentialAction\":[{\"@type\":\"SearchAction\",\"target\":{\"@type\":\"EntryPoint\",\"urlTemplate\":\"https:\/\/developmentuat.kpit.com\/?s={search_term_string}\"},\"query-input\":{\"@type\":\"PropertyValueSpecification\",\"valueRequired\":true,\"valueName\":\"search_term_string\"}}],\"inLanguage\":\"de\"}]}<\/script>\n<!-- \/ Yoast SEO plugin. -->","yoast_head_json":{"title":"Mobilit\u00e4tseinblicke: Expertenartikel zur Automobiltechnologie | KPIT","description":"Entdecken Sie die neuesten Artikel von KPIT zum Thema Mobilit\u00e4tstechnologie. Sie behandeln Innovationen, Trends und Experteneinblicke, die die Zukunft automobiler L\u00f6sungen pr\u00e4gen.","robots":{"index":"noindex","follow":"follow","max-snippet":"max-snippet:-1","max-image-preview":"max-image-preview:large","max-video-preview":"max-video-preview:-1"},"og_locale":"de_DE","og_type":"article","og_title":"Mobility Insights: Expert Articles on Automotive Technology | KPIT","og_description":"Discover KPIT\u2019s latest articles on mobility technology, covering innovations, trends, and expert insights shaping the future of automotive solutions.","og_url":"https:\/\/developmentuat.kpit.com\/de-de\/articles\/","og_site_name":"KPIT","article_modified_time":"2024-11-16T13:25:46+00:00","twitter_card":"summary_large_image","schema":{"@context":"https:\/\/schema.org","@graph":[{"@type":"WebPage","@id":"https:\/\/developmentuat.kpit.com\/articles\/","url":"https:\/\/developmentuat.kpit.com\/articles\/","name":"Mobilit\u00e4tseinblicke: Expertenartikel zur Automobiltechnologie | KPIT","isPartOf":{"@id":"https:\/\/developmentuat.kpit.com\/#website"},"datePublished":"2024-09-26T04:28:31+00:00","dateModified":"2024-11-16T13:25:46+00:00","description":"Entdecken Sie die neuesten Artikel von KPIT zum Thema Mobilit\u00e4tstechnologie. Sie behandeln Innovationen, Trends und Experteneinblicke, die die Zukunft automobiler L\u00f6sungen pr\u00e4gen.","breadcrumb":{"@id":"https:\/\/developmentuat.kpit.com\/articles\/#breadcrumb"},"inLanguage":"de","potentialAction":[{"@type":"ReadAction","target":["https:\/\/developmentuat.kpit.com\/articles\/"]}]},{"@type":"BreadcrumbList","@id":"https:\/\/developmentuat.kpit.com\/articles\/#breadcrumb","itemListElement":[{"@type":"ListItem","position":1,"name":"Home","item":"https:\/\/developmentuat.kpit.com\/"},{"@type":"ListItem","position":2,"name":"Articles"}]},{"@type":"WebSite","@id":"https:\/\/developmentuat.kpit.com\/#website","url":"https:\/\/developmentuat.kpit.com\/","name":"KPIT","description":"Technologie, Mobilit\u00e4t, Software, Automotive","potentialAction":[{"@type":"SearchAction","target":{"@type":"EntryPoint","urlTemplate":"https:\/\/developmentuat.kpit.com\/?s={search_term_string}"},"query-input":{"@type":"PropertyValueSpecification","valueRequired":true,"valueName":"search_term_string"}}],"inLanguage":"de"}]}},"_links":{"self":[{"href":"https:\/\/developmentuat.kpit.com\/de-de\/wp-json\/wp\/v2\/pages\/21971","targetHints":{"allow":["GET"]}}],"collection":[{"href":"https:\/\/developmentuat.kpit.com\/de-de\/wp-json\/wp\/v2\/pages"}],"about":[{"href":"https:\/\/developmentuat.kpit.com\/de-de\/wp-json\/wp\/v2\/types\/page"}],"author":[{"embeddable":true,"href":"https:\/\/developmentuat.kpit.com\/de-de\/wp-json\/wp\/v2\/users\/11"}],"replies":[{"embeddable":true,"href":"https:\/\/developmentuat.kpit.com\/de-de\/wp-json\/wp\/v2\/comments?post=21971"}],"version-history":[{"count":2,"href":"https:\/\/developmentuat.kpit.com\/de-de\/wp-json\/wp\/v2\/pages\/21971\/revisions"}],"predecessor-version":[{"id":25008,"href":"https:\/\/developmentuat.kpit.com\/de-de\/wp-json\/wp\/v2\/pages\/21971\/revisions\/25008"}],"wp:attachment":[{"href":"https:\/\/developmentuat.kpit.com\/de-de\/wp-json\/wp\/v2\/media?parent=21971"}],"curies":[{"name":"wp","href":"https:\/\/api.w.org\/{rel}","templated":true}]}}