
{"id":20261,"date":"2024-01-18T12:03:58","date_gmt":"2024-01-18T06:33:58","guid":{"rendered":"https:\/\/developmentuat.kpit.com\/?page_id=20261"},"modified":"2026-01-19T10:32:38","modified_gmt":"2026-01-19T05:02:38","slug":"shareholders-information","status":"publish","type":"page","link":"https:\/\/developmentuat.kpit.com\/de-de\/shareholders-information\/","title":{"rendered":"Aktion\u00e4rsinformationen"},"content":{"rendered":"<p>&nbsp;<\/p>\n<p><img decoding=\"async\" loading=\"lazy\" src=\"https:\/\/developmentuat.kpit.com\/wp-content\/uploads\/2020\/05\/pdf_icon_01copy.jpg\" alt=\"PDF\" \/>\u00a0<a href=\"https:\/\/developmentuat.kpit.com\/de-de\/documents\/forms-for-submission-of-kyc-details\/\" target=\"_blank\" rel=\"noopener noreferrer\">Formulare zur Einreichung von KYC-Details<\/a><\/p>\n<p><img decoding=\"async\" loading=\"lazy\" src=\"https:\/\/developmentuat.kpit.com\/wp-content\/uploads\/2020\/05\/pdf_icon_01copy.jpg\" alt=\"PDF\" \/>\u00a0<a href=\"https:\/\/developmentuat.kpit.com\/de-de\/documents\/reminder-letter-to-shareholders-holding-shares-in-physical-mode\/\" target=\"_blank\" rel=\"noopener noreferrer\">Erinnerungsschreiben an Aktion\u00e4re, die Aktien in physischer Form halten<\/a><\/p>\n<p><img decoding=\"async\" loading=\"lazy\" src=\"https:\/\/developmentuat.kpit.com\/wp-content\/uploads\/2020\/05\/pdf_icon_01copy.jpg\" alt=\"PDF\" \/>\u00a0<a href=\"https:\/\/developmentuat.kpit.com\/de-de\/documents\/sebi-circular-dated-june-10-2024-for-non-submission-of-choice-of-nomination-freezing-of-demat-accounts\/\" target=\"_blank\" rel=\"noopener noreferrer\">SEBI-Rundschreiben vom 10. Juni 2024 zur Nichtabgabe der Nominierungswahl und zur Sperrung von Demat-Konten<\/a><\/p>\n<p><img decoding=\"async\" loading=\"lazy\" src=\"https:\/\/developmentuat.kpit.com\/wp-content\/uploads\/2020\/05\/pdf_icon_01copy.jpg\" alt=\"PDF\" \/>\u00a0<a href=\"https:\/\/developmentuat.kpit.com\/de-de\/documents\/model-tripartite-agreement-between-the-issuer-company-existing-share-transfer-agent-and-new-share-transfer-agent\/\" target=\"_blank\" rel=\"noopener noreferrer\">Dreiparteienvereinbarung nach Muster zwischen der Emittentin, dem bestehenden Aktien\u00fcbertragungsbeauftragten und dem neuen Aktien\u00fcbertragungsbeauftragten<\/a><\/p>\n<p><img decoding=\"async\" loading=\"lazy\" src=\"https:\/\/developmentuat.kpit.com\/wp-content\/uploads\/2020\/05\/pdf_icon_01copy.jpg\" alt=\"PDF\" \/>\u00a0<a href=\"https:\/\/developmentuat.kpit.com\/de-de\/documents\/sebi-circular-dated-november-17-2023-for-norms-for-furnishing-pan-kyc-details-and-nomination\/\" target=\"_blank\" rel=\"noopener noreferrer\">SEBI-Rundschreiben vom 17. November 2023 zu den Normen f\u00fcr die Angabe von PAN- und KYC-Daten sowie Nominierungen<\/a><\/p>\n<p><img decoding=\"async\" loading=\"lazy\" src=\"https:\/\/developmentuat.kpit.com\/wp-content\/uploads\/2020\/05\/pdf_icon_01copy.jpg\" alt=\"PDF\" \/>\u00a0<a href=\"https:\/\/developmentuat.kpit.com\/de-de\/documents\/sebi-circular-dated-december-27-2023-for-extension-of-timelines-for-providing-choice-of-nomination-in-eligible-demat-accounts-and-mutual-fund-folios\/\" target=\"_blank\" rel=\"noopener noreferrer\">SEBI-Rundschreiben vom 27. Dezember 2023 zur Verl\u00e4ngerung der Fristen f\u00fcr die Angabe eines Beg\u00fcnstigten in berechtigten Wertpapierdepots und Investmentfondsdepots<\/a><\/p>","protected":false},"excerpt":{"rendered":"<p>&nbsp; \u00a0Forms for Submission of KYC Details \u00a0Reminder Letter to shareholders holding shares in physical mode \u00a0SEBI Circular Dated June 10, 2024, for non-submission of choice of nomination &#038; freezing of demat accounts \u00a0Model Tripartite Agreement between the Issuer Company, Existing Share Transfer Agent and New Share Transfer Agent \u00a0SEBI Circular dated November 17, 2023 [&hellip;]<\/p>\n","protected":false},"author":3,"featured_media":0,"parent":0,"menu_order":0,"comment_status":"closed","ping_status":"closed","template":"redesign-page-new-design.php","meta":{"_acf_changed":false,"footnotes":""},"class_list":["post-20261","page","type-page","status-publish","hentry"],"acf":[],"yoast_head":"<!-- This site is optimized with the Yoast SEO plugin v27.2 - https:\/\/yoast.com\/product\/yoast-seo-wordpress\/ -->\n<title>Shareholders Information - KPIT Technology<\/title>\n<meta name=\"description\" content=\"SEBI guidelines for shareholder information: Model Tripartite Agreement between Issuer, Existing &amp; New Share Transfer Agents. Updated PAN, KYC, and nomination norms\" \/>\n<meta name=\"robots\" content=\"noindex, follow, max-snippet:-1, max-image-preview:large, max-video-preview:-1\" \/>\n<meta property=\"og:locale\" content=\"de_DE\" \/>\n<meta property=\"og:type\" content=\"article\" \/>\n<meta property=\"og:title\" content=\"Shareholders Information - KPIT Technology\" \/>\n<meta property=\"og:description\" content=\"SEBI guidelines for shareholder information: Model Tripartite Agreement between Issuer, Existing &amp; New Share Transfer Agents. Updated PAN, KYC, and nomination norms\" \/>\n<meta property=\"og:url\" content=\"https:\/\/developmentuat.kpit.com\/de-de\/shareholders-information\/\" \/>\n<meta property=\"og:site_name\" content=\"KPIT\" \/>\n<meta property=\"article:modified_time\" content=\"2026-01-19T05:02:38+00:00\" \/>\n<meta property=\"og:image\" content=\"https:\/\/developmentuat.kpit.com\/wp-content\/uploads\/2020\/05\/pdf_icon_01copy.jpg\" \/>\n<meta name=\"twitter:card\" content=\"summary_large_image\" \/>\n<meta name=\"twitter:label1\" content=\"Gesch\u00e4tzte Lesezeit\" \/>\n\t<meta name=\"twitter:data1\" content=\"2\u00a0Minuten\" \/>\n<script type=\"application\/ld+json\" class=\"yoast-schema-graph\">{\"@context\":\"https:\/\/schema.org\",\"@graph\":[{\"@type\":\"WebPage\",\"@id\":\"https:\/\/developmentuat.kpit.com\/shareholders-information\/\",\"url\":\"https:\/\/developmentuat.kpit.com\/shareholders-information\/\",\"name\":\"Shareholders Information - KPIT Technology\",\"isPartOf\":{\"@id\":\"https:\/\/developmentuat.kpit.com\/#website\"},\"primaryImageOfPage\":{\"@id\":\"https:\/\/developmentuat.kpit.com\/shareholders-information\/#primaryimage\"},\"image\":{\"@id\":\"https:\/\/developmentuat.kpit.com\/shareholders-information\/#primaryimage\"},\"thumbnailUrl\":\"https:\/\/developmentuat.kpit.com\/wp-content\/uploads\/2020\/05\/pdf_icon_01copy.jpg\",\"datePublished\":\"2024-01-18T06:33:58+00:00\",\"dateModified\":\"2026-01-19T05:02:38+00:00\",\"description\":\"SEBI guidelines for shareholder information: Model Tripartite Agreement between Issuer, Existing & New Share Transfer Agents. Updated PAN, KYC, and nomination norms\",\"breadcrumb\":{\"@id\":\"https:\/\/developmentuat.kpit.com\/shareholders-information\/#breadcrumb\"},\"inLanguage\":\"de\",\"potentialAction\":[{\"@type\":\"ReadAction\",\"target\":[\"https:\/\/developmentuat.kpit.com\/shareholders-information\/\"]}]},{\"@type\":\"ImageObject\",\"inLanguage\":\"de\",\"@id\":\"https:\/\/developmentuat.kpit.com\/shareholders-information\/#primaryimage\",\"url\":\"https:\/\/developmentuat.kpit.com\/wp-content\/uploads\/2020\/05\/pdf_icon_01copy.jpg\",\"contentUrl\":\"https:\/\/developmentuat.kpit.com\/wp-content\/uploads\/2020\/05\/pdf_icon_01copy.jpg\"},{\"@type\":\"BreadcrumbList\",\"@id\":\"https:\/\/developmentuat.kpit.com\/shareholders-information\/#breadcrumb\",\"itemListElement\":[{\"@type\":\"ListItem\",\"position\":1,\"name\":\"Home\",\"item\":\"https:\/\/developmentuat.kpit.com\/\"},{\"@type\":\"ListItem\",\"position\":2,\"name\":\"Shareholders Information\"}]},{\"@type\":\"WebSite\",\"@id\":\"https:\/\/developmentuat.kpit.com\/#website\",\"url\":\"https:\/\/developmentuat.kpit.com\/\",\"name\":\"KPIT\",\"description\":\"Technology, Mobility, Software, Automotive\",\"potentialAction\":[{\"@type\":\"SearchAction\",\"target\":{\"@type\":\"EntryPoint\",\"urlTemplate\":\"https:\/\/developmentuat.kpit.com\/?s={search_term_string}\"},\"query-input\":{\"@type\":\"PropertyValueSpecification\",\"valueRequired\":true,\"valueName\":\"search_term_string\"}}],\"inLanguage\":\"de\"}]}<\/script>\n<!-- \/ Yoast SEO plugin. -->","yoast_head_json":{"title":"Aktion\u00e4rsinformationen \u2013 KPIT Technology","description":"SEBI-Richtlinien f\u00fcr Aktion\u00e4rsinformationen: Muster-Dreiparteienvereinbarung zwischen Emittent, bestehenden und neuen Aktien\u00fcbertragungsstellen. Aktualisierte PAN-, KYC- und Nominierungsnormen","robots":{"index":"noindex","follow":"follow","max-snippet":"max-snippet:-1","max-image-preview":"max-image-preview:large","max-video-preview":"max-video-preview:-1"},"og_locale":"de_DE","og_type":"article","og_title":"Shareholders Information - KPIT Technology","og_description":"SEBI guidelines for shareholder information: Model Tripartite Agreement between Issuer, Existing & New Share Transfer Agents. Updated PAN, KYC, and nomination norms","og_url":"https:\/\/developmentuat.kpit.com\/de-de\/shareholders-information\/","og_site_name":"KPIT","article_modified_time":"2026-01-19T05:02:38+00:00","og_image":[{"url":"https:\/\/developmentuat.kpit.com\/wp-content\/uploads\/2020\/05\/pdf_icon_01copy.jpg","type":"","width":"","height":""}],"twitter_card":"summary_large_image","twitter_misc":{"Gesch\u00e4tzte Lesezeit":"2\u00a0Minuten"},"schema":{"@context":"https:\/\/schema.org","@graph":[{"@type":"WebPage","@id":"https:\/\/developmentuat.kpit.com\/shareholders-information\/","url":"https:\/\/developmentuat.kpit.com\/shareholders-information\/","name":"Aktion\u00e4rsinformationen \u2013 KPIT Technology","isPartOf":{"@id":"https:\/\/developmentuat.kpit.com\/#website"},"primaryImageOfPage":{"@id":"https:\/\/developmentuat.kpit.com\/shareholders-information\/#primaryimage"},"image":{"@id":"https:\/\/developmentuat.kpit.com\/shareholders-information\/#primaryimage"},"thumbnailUrl":"https:\/\/developmentuat.kpit.com\/wp-content\/uploads\/2020\/05\/pdf_icon_01copy.jpg","datePublished":"2024-01-18T06:33:58+00:00","dateModified":"2026-01-19T05:02:38+00:00","description":"SEBI-Richtlinien f\u00fcr Aktion\u00e4rsinformationen: Muster-Dreiparteienvereinbarung zwischen Emittent, bestehenden und neuen Aktien\u00fcbertragungsstellen. Aktualisierte PAN-, KYC- und Nominierungsnormen","breadcrumb":{"@id":"https:\/\/developmentuat.kpit.com\/shareholders-information\/#breadcrumb"},"inLanguage":"de","potentialAction":[{"@type":"ReadAction","target":["https:\/\/developmentuat.kpit.com\/shareholders-information\/"]}]},{"@type":"ImageObject","inLanguage":"de","@id":"https:\/\/developmentuat.kpit.com\/shareholders-information\/#primaryimage","url":"https:\/\/developmentuat.kpit.com\/wp-content\/uploads\/2020\/05\/pdf_icon_01copy.jpg","contentUrl":"https:\/\/developmentuat.kpit.com\/wp-content\/uploads\/2020\/05\/pdf_icon_01copy.jpg"},{"@type":"BreadcrumbList","@id":"https:\/\/developmentuat.kpit.com\/shareholders-information\/#breadcrumb","itemListElement":[{"@type":"ListItem","position":1,"name":"Home","item":"https:\/\/developmentuat.kpit.com\/"},{"@type":"ListItem","position":2,"name":"Shareholders Information"}]},{"@type":"WebSite","@id":"https:\/\/developmentuat.kpit.com\/#website","url":"https:\/\/developmentuat.kpit.com\/","name":"KPIT","description":"Technologie, Mobilit\u00e4t, Software, Automotive","potentialAction":[{"@type":"SearchAction","target":{"@type":"EntryPoint","urlTemplate":"https:\/\/developmentuat.kpit.com\/?s={search_term_string}"},"query-input":{"@type":"PropertyValueSpecification","valueRequired":true,"valueName":"search_term_string"}}],"inLanguage":"de"}]}},"_links":{"self":[{"href":"https:\/\/developmentuat.kpit.com\/de-de\/wp-json\/wp\/v2\/pages\/20261","targetHints":{"allow":["GET"]}}],"collection":[{"href":"https:\/\/developmentuat.kpit.com\/de-de\/wp-json\/wp\/v2\/pages"}],"about":[{"href":"https:\/\/developmentuat.kpit.com\/de-de\/wp-json\/wp\/v2\/types\/page"}],"author":[{"embeddable":true,"href":"https:\/\/developmentuat.kpit.com\/de-de\/wp-json\/wp\/v2\/users\/3"}],"replies":[{"embeddable":true,"href":"https:\/\/developmentuat.kpit.com\/de-de\/wp-json\/wp\/v2\/comments?post=20261"}],"version-history":[{"count":10,"href":"https:\/\/developmentuat.kpit.com\/de-de\/wp-json\/wp\/v2\/pages\/20261\/revisions"}],"predecessor-version":[{"id":28016,"href":"https:\/\/developmentuat.kpit.com\/de-de\/wp-json\/wp\/v2\/pages\/20261\/revisions\/28016"}],"wp:attachment":[{"href":"https:\/\/developmentuat.kpit.com\/de-de\/wp-json\/wp\/v2\/media?parent=20261"}],"curies":[{"name":"wp","href":"https:\/\/api.w.org\/{rel}","templated":true}]}}