
{"id":13230,"date":"2022-02-18T17:18:46","date_gmt":"2022-02-18T11:48:46","guid":{"rendered":"https:\/\/developmentuat.kpit.com\/?page_id=13230"},"modified":"2024-06-20T16:40:45","modified_gmt":"2024-06-20T11:10:45","slug":"autosar","status":"publish","type":"page","link":"https:\/\/developmentuat.kpit.com\/de-de\/solutions\/autosar\/","title":{"rendered":"Autosar"},"content":{"rendered":"","protected":false},"excerpt":{"rendered":"","protected":false},"author":3,"featured_media":0,"parent":61,"menu_order":0,"comment_status":"closed","ping_status":"closed","template":"redesign-autosar.php","meta":{"_acf_changed":false,"footnotes":""},"class_list":["post-13230","page","type-page","status-publish","hentry"],"acf":[],"yoast_head":"<!-- This site is optimized with the Yoast SEO plugin v27.2 - https:\/\/yoast.com\/product\/yoast-seo-wordpress\/ -->\n<title>AUTOSAR | Adaptive AUTOSAR solutions - KPIT<\/title>\n<meta name=\"description\" content=\"With 15+ years of AUTOSAR experience, KPIT offers Adaptive AUTOSAR Base Software Solutions that go across E\/E Architecture, such as HPC Platforms, Real-Time Critical ECUs, Sensors and I\/O Concentrators\" \/>\n<meta name=\"robots\" content=\"noindex, follow, max-snippet:-1, max-image-preview:large, max-video-preview:-1\" \/>\n<meta property=\"og:locale\" content=\"de_DE\" \/>\n<meta property=\"og:type\" content=\"article\" \/>\n<meta property=\"og:title\" content=\"AUTOSAR | Adaptive AUTOSAR solutions - KPIT\" \/>\n<meta property=\"og:description\" content=\"With 15+ years of AUTOSAR experience, KPIT offers Adaptive AUTOSAR Base Software Solutions that go across E\/E Architecture, such as HPC Platforms, Real-Time Critical ECUs, Sensors and I\/O Concentrators\" \/>\n<meta property=\"og:url\" content=\"https:\/\/developmentuat.kpit.com\/de-de\/solutions\/autosar\/\" \/>\n<meta property=\"og:site_name\" content=\"KPIT\" \/>\n<meta property=\"article:modified_time\" content=\"2024-06-20T11:10:45+00:00\" \/>\n<meta name=\"twitter:card\" content=\"summary_large_image\" \/>\n<script type=\"application\/ld+json\" class=\"yoast-schema-graph\">{\"@context\":\"https:\/\/schema.org\",\"@graph\":[{\"@type\":\"WebPage\",\"@id\":\"https:\/\/developmentuat.kpit.com\/solutions\/autosar\/\",\"url\":\"https:\/\/developmentuat.kpit.com\/solutions\/autosar\/\",\"name\":\"AUTOSAR | Adaptive AUTOSAR solutions - KPIT\",\"isPartOf\":{\"@id\":\"https:\/\/developmentuat.kpit.com\/#website\"},\"datePublished\":\"2022-02-18T11:48:46+00:00\",\"dateModified\":\"2024-06-20T11:10:45+00:00\",\"description\":\"With 15+ years of AUTOSAR experience, KPIT offers Adaptive AUTOSAR Base Software Solutions that go across E\/E Architecture, such as HPC Platforms, Real-Time Critical ECUs, Sensors and I\/O Concentrators\",\"breadcrumb\":{\"@id\":\"https:\/\/developmentuat.kpit.com\/solutions\/autosar\/#breadcrumb\"},\"inLanguage\":\"de\",\"potentialAction\":[{\"@type\":\"ReadAction\",\"target\":[\"https:\/\/developmentuat.kpit.com\/solutions\/autosar\/\"]}]},{\"@type\":\"BreadcrumbList\",\"@id\":\"https:\/\/developmentuat.kpit.com\/solutions\/autosar\/#breadcrumb\",\"itemListElement\":[{\"@type\":\"ListItem\",\"position\":1,\"name\":\"Home\",\"item\":\"https:\/\/developmentuat.kpit.com\/\"},{\"@type\":\"ListItem\",\"position\":2,\"name\":\"Solutions\",\"item\":\"https:\/\/developmentuat.kpit.com\/solutions\/\"},{\"@type\":\"ListItem\",\"position\":3,\"name\":\"Autosar\"}]},{\"@type\":\"WebSite\",\"@id\":\"https:\/\/developmentuat.kpit.com\/#website\",\"url\":\"https:\/\/developmentuat.kpit.com\/\",\"name\":\"KPIT\",\"description\":\"Technology, Mobility, Software, Automotive\",\"potentialAction\":[{\"@type\":\"SearchAction\",\"target\":{\"@type\":\"EntryPoint\",\"urlTemplate\":\"https:\/\/developmentuat.kpit.com\/?s={search_term_string}\"},\"query-input\":{\"@type\":\"PropertyValueSpecification\",\"valueRequired\":true,\"valueName\":\"search_term_string\"}}],\"inLanguage\":\"de\"}]}<\/script>\n<!-- \/ Yoast SEO plugin. -->","yoast_head_json":{"title":"AUTOSAR | Adaptive AUTOSAR-L\u00f6sungen - KPIT","description":"Mit \u00fcber 15 Jahren AUTOSAR-Erfahrung bietet KPIT adaptive AUTOSAR-basierte Softwarel\u00f6sungen f\u00fcr verschiedene E\/E-Architekturen an, darunter HPC-Plattformen, echtzeitkritische Steuerger\u00e4te, Sensoren und I\/O-Konzentratoren.","robots":{"index":"noindex","follow":"follow","max-snippet":"max-snippet:-1","max-image-preview":"max-image-preview:large","max-video-preview":"max-video-preview:-1"},"og_locale":"de_DE","og_type":"article","og_title":"AUTOSAR | Adaptive AUTOSAR solutions - KPIT","og_description":"With 15+ years of AUTOSAR experience, KPIT offers Adaptive AUTOSAR Base Software Solutions that go across E\/E Architecture, such as HPC Platforms, Real-Time Critical ECUs, Sensors and I\/O Concentrators","og_url":"https:\/\/developmentuat.kpit.com\/de-de\/solutions\/autosar\/","og_site_name":"KPIT","article_modified_time":"2024-06-20T11:10:45+00:00","twitter_card":"summary_large_image","schema":{"@context":"https:\/\/schema.org","@graph":[{"@type":"WebPage","@id":"https:\/\/developmentuat.kpit.com\/solutions\/autosar\/","url":"https:\/\/developmentuat.kpit.com\/solutions\/autosar\/","name":"AUTOSAR | Adaptive AUTOSAR-L\u00f6sungen - KPIT","isPartOf":{"@id":"https:\/\/developmentuat.kpit.com\/#website"},"datePublished":"2022-02-18T11:48:46+00:00","dateModified":"2024-06-20T11:10:45+00:00","description":"Mit \u00fcber 15 Jahren AUTOSAR-Erfahrung bietet KPIT adaptive AUTOSAR-basierte Softwarel\u00f6sungen f\u00fcr verschiedene E\/E-Architekturen an, darunter HPC-Plattformen, echtzeitkritische Steuerger\u00e4te, Sensoren und I\/O-Konzentratoren.","breadcrumb":{"@id":"https:\/\/developmentuat.kpit.com\/solutions\/autosar\/#breadcrumb"},"inLanguage":"de","potentialAction":[{"@type":"ReadAction","target":["https:\/\/developmentuat.kpit.com\/solutions\/autosar\/"]}]},{"@type":"BreadcrumbList","@id":"https:\/\/developmentuat.kpit.com\/solutions\/autosar\/#breadcrumb","itemListElement":[{"@type":"ListItem","position":1,"name":"Home","item":"https:\/\/developmentuat.kpit.com\/"},{"@type":"ListItem","position":2,"name":"Solutions","item":"https:\/\/developmentuat.kpit.com\/solutions\/"},{"@type":"ListItem","position":3,"name":"Autosar"}]},{"@type":"WebSite","@id":"https:\/\/developmentuat.kpit.com\/#website","url":"https:\/\/developmentuat.kpit.com\/","name":"KPIT","description":"Technologie, Mobilit\u00e4t, Software, Automotive","potentialAction":[{"@type":"SearchAction","target":{"@type":"EntryPoint","urlTemplate":"https:\/\/developmentuat.kpit.com\/?s={search_term_string}"},"query-input":{"@type":"PropertyValueSpecification","valueRequired":true,"valueName":"search_term_string"}}],"inLanguage":"de"}]}},"_links":{"self":[{"href":"https:\/\/developmentuat.kpit.com\/de-de\/wp-json\/wp\/v2\/pages\/13230","targetHints":{"allow":["GET"]}}],"collection":[{"href":"https:\/\/developmentuat.kpit.com\/de-de\/wp-json\/wp\/v2\/pages"}],"about":[{"href":"https:\/\/developmentuat.kpit.com\/de-de\/wp-json\/wp\/v2\/types\/page"}],"author":[{"embeddable":true,"href":"https:\/\/developmentuat.kpit.com\/de-de\/wp-json\/wp\/v2\/users\/3"}],"replies":[{"embeddable":true,"href":"https:\/\/developmentuat.kpit.com\/de-de\/wp-json\/wp\/v2\/comments?post=13230"}],"version-history":[{"count":10,"href":"https:\/\/developmentuat.kpit.com\/de-de\/wp-json\/wp\/v2\/pages\/13230\/revisions"}],"predecessor-version":[{"id":21159,"href":"https:\/\/developmentuat.kpit.com\/de-de\/wp-json\/wp\/v2\/pages\/13230\/revisions\/21159"}],"up":[{"embeddable":true,"href":"https:\/\/developmentuat.kpit.com\/de-de\/wp-json\/wp\/v2\/pages\/61"}],"wp:attachment":[{"href":"https:\/\/developmentuat.kpit.com\/de-de\/wp-json\/wp\/v2\/media?parent=13230"}],"curies":[{"name":"wp","href":"https:\/\/api.w.org\/{rel}","templated":true}]}}