
{"id":12511,"date":"2022-01-07T12:40:33","date_gmt":"2022-01-07T07:10:33","guid":{"rendered":"https:\/\/developmentuat.kpit.com\/?page_id=12511"},"modified":"2026-04-03T11:45:52","modified_gmt":"2026-04-03T06:15:52","slug":"insights","status":"publish","type":"page","link":"https:\/\/developmentuat.kpit.com\/de-de\/insights\/","title":{"rendered":"Einblicke"},"content":{"rendered":"","protected":false},"excerpt":{"rendered":"","protected":false},"author":3,"featured_media":0,"parent":0,"menu_order":0,"comment_status":"closed","ping_status":"closed","template":"redesign-insights-new.php","meta":{"_acf_changed":false,"footnotes":""},"class_list":["post-12511","page","type-page","status-publish","hentry"],"acf":[],"yoast_head":"<!-- This site is optimized with the Yoast SEO plugin v27.2 - https:\/\/yoast.com\/product\/yoast-seo-wordpress\/ -->\n<title>Stay Informed with KPIT Insights: News, Videos, and Thought Leadership | KPIT<\/title>\n<meta name=\"description\" content=\"Explore KPIT&#039;s Insights hub for the latest articles, industry news, leadership views, and videos on mobility innovation and automotive advancements.\" \/>\n<meta name=\"robots\" content=\"noindex, follow, max-snippet:-1, max-image-preview:large, max-video-preview:-1\" \/>\n<meta property=\"og:locale\" content=\"de_DE\" \/>\n<meta property=\"og:type\" content=\"article\" \/>\n<meta property=\"og:title\" content=\"Stay Informed with KPIT Insights: News, Videos, and Thought Leadership | KPIT\" \/>\n<meta property=\"og:description\" content=\"Explore KPIT&#039;s Insights hub for the latest articles, industry news, leadership views, and videos on mobility innovation and automotive advancements.\" \/>\n<meta property=\"og:url\" content=\"https:\/\/developmentuat.kpit.com\/de-de\/insights\/\" \/>\n<meta property=\"og:site_name\" content=\"KPIT\" \/>\n<meta property=\"article:modified_time\" content=\"2026-04-03T06:15:52+00:00\" \/>\n<meta name=\"twitter:card\" content=\"summary_large_image\" \/>\n<script type=\"application\/ld+json\" class=\"yoast-schema-graph\">{\"@context\":\"https:\/\/schema.org\",\"@graph\":[{\"@type\":\"WebPage\",\"@id\":\"https:\/\/developmentuat.kpit.com\/insights\/\",\"url\":\"https:\/\/developmentuat.kpit.com\/insights\/\",\"name\":\"Stay Informed with KPIT Insights: News, Videos, and Thought Leadership | KPIT\",\"isPartOf\":{\"@id\":\"https:\/\/developmentuat.kpit.com\/#website\"},\"datePublished\":\"2022-01-07T07:10:33+00:00\",\"dateModified\":\"2026-04-03T06:15:52+00:00\",\"description\":\"Explore KPIT's Insights hub for the latest articles, industry news, leadership views, and videos on mobility innovation and automotive advancements.\",\"breadcrumb\":{\"@id\":\"https:\/\/developmentuat.kpit.com\/insights\/#breadcrumb\"},\"inLanguage\":\"de\",\"potentialAction\":[{\"@type\":\"ReadAction\",\"target\":[\"https:\/\/developmentuat.kpit.com\/insights\/\"]}]},{\"@type\":\"BreadcrumbList\",\"@id\":\"https:\/\/developmentuat.kpit.com\/insights\/#breadcrumb\",\"itemListElement\":[{\"@type\":\"ListItem\",\"position\":1,\"name\":\"Home\",\"item\":\"https:\/\/developmentuat.kpit.com\/\"},{\"@type\":\"ListItem\",\"position\":2,\"name\":\"Insights\"}]},{\"@type\":\"WebSite\",\"@id\":\"https:\/\/developmentuat.kpit.com\/#website\",\"url\":\"https:\/\/developmentuat.kpit.com\/\",\"name\":\"KPIT\",\"description\":\"Technology, Mobility, Software, Automotive\",\"potentialAction\":[{\"@type\":\"SearchAction\",\"target\":{\"@type\":\"EntryPoint\",\"urlTemplate\":\"https:\/\/developmentuat.kpit.com\/?s={search_term_string}\"},\"query-input\":{\"@type\":\"PropertyValueSpecification\",\"valueRequired\":true,\"valueName\":\"search_term_string\"}}],\"inLanguage\":\"de\"}]}<\/script>\n<!-- \/ Yoast SEO plugin. -->","yoast_head_json":{"title":"Bleiben Sie mit KPIT Insights informiert: Nachrichten, Videos und Vordenkerrolle | KPIT","description":"Entdecken Sie den Insights-Hub von KPIT mit den neuesten Artikeln, Branchenneuigkeiten, Ansichten von F\u00fchrungskr\u00e4ften und Videos zu Mobilit\u00e4tsinnovationen und Fortschritten in der Automobilindustrie.","robots":{"index":"noindex","follow":"follow","max-snippet":"max-snippet:-1","max-image-preview":"max-image-preview:large","max-video-preview":"max-video-preview:-1"},"og_locale":"de_DE","og_type":"article","og_title":"Stay Informed with KPIT Insights: News, Videos, and Thought Leadership | KPIT","og_description":"Explore KPIT's Insights hub for the latest articles, industry news, leadership views, and videos on mobility innovation and automotive advancements.","og_url":"https:\/\/developmentuat.kpit.com\/de-de\/insights\/","og_site_name":"KPIT","article_modified_time":"2026-04-03T06:15:52+00:00","twitter_card":"summary_large_image","schema":{"@context":"https:\/\/schema.org","@graph":[{"@type":"WebPage","@id":"https:\/\/developmentuat.kpit.com\/insights\/","url":"https:\/\/developmentuat.kpit.com\/insights\/","name":"Bleiben Sie mit KPIT Insights informiert: Nachrichten, Videos und Vordenkerrolle | KPIT","isPartOf":{"@id":"https:\/\/developmentuat.kpit.com\/#website"},"datePublished":"2022-01-07T07:10:33+00:00","dateModified":"2026-04-03T06:15:52+00:00","description":"Entdecken Sie den Insights-Hub von KPIT mit den neuesten Artikeln, Branchenneuigkeiten, Ansichten von F\u00fchrungskr\u00e4ften und Videos zu Mobilit\u00e4tsinnovationen und Fortschritten in der Automobilindustrie.","breadcrumb":{"@id":"https:\/\/developmentuat.kpit.com\/insights\/#breadcrumb"},"inLanguage":"de","potentialAction":[{"@type":"ReadAction","target":["https:\/\/developmentuat.kpit.com\/insights\/"]}]},{"@type":"BreadcrumbList","@id":"https:\/\/developmentuat.kpit.com\/insights\/#breadcrumb","itemListElement":[{"@type":"ListItem","position":1,"name":"Home","item":"https:\/\/developmentuat.kpit.com\/"},{"@type":"ListItem","position":2,"name":"Insights"}]},{"@type":"WebSite","@id":"https:\/\/developmentuat.kpit.com\/#website","url":"https:\/\/developmentuat.kpit.com\/","name":"KPIT","description":"Technologie, Mobilit\u00e4t, Software, Automotive","potentialAction":[{"@type":"SearchAction","target":{"@type":"EntryPoint","urlTemplate":"https:\/\/developmentuat.kpit.com\/?s={search_term_string}"},"query-input":{"@type":"PropertyValueSpecification","valueRequired":true,"valueName":"search_term_string"}}],"inLanguage":"de"}]}},"_links":{"self":[{"href":"https:\/\/developmentuat.kpit.com\/de-de\/wp-json\/wp\/v2\/pages\/12511","targetHints":{"allow":["GET"]}}],"collection":[{"href":"https:\/\/developmentuat.kpit.com\/de-de\/wp-json\/wp\/v2\/pages"}],"about":[{"href":"https:\/\/developmentuat.kpit.com\/de-de\/wp-json\/wp\/v2\/types\/page"}],"author":[{"embeddable":true,"href":"https:\/\/developmentuat.kpit.com\/de-de\/wp-json\/wp\/v2\/users\/3"}],"replies":[{"embeddable":true,"href":"https:\/\/developmentuat.kpit.com\/de-de\/wp-json\/wp\/v2\/comments?post=12511"}],"version-history":[{"count":11,"href":"https:\/\/developmentuat.kpit.com\/de-de\/wp-json\/wp\/v2\/pages\/12511\/revisions"}],"predecessor-version":[{"id":28354,"href":"https:\/\/developmentuat.kpit.com\/de-de\/wp-json\/wp\/v2\/pages\/12511\/revisions\/28354"}],"wp:attachment":[{"href":"https:\/\/developmentuat.kpit.com\/de-de\/wp-json\/wp\/v2\/media?parent=12511"}],"curies":[{"name":"wp","href":"https:\/\/api.w.org\/{rel}","templated":true}]}}