
{"id":11547,"date":"2021-11-19T14:48:21","date_gmt":"2021-11-19T09:18:21","guid":{"rendered":"https:\/\/developmentuat.kpit.com\/?page_id=11547"},"modified":"2024-04-29T15:31:55","modified_gmt":"2024-04-29T10:01:55","slug":"newsroom","status":"publish","type":"page","link":"https:\/\/developmentuat.kpit.com\/de-de\/newsroom\/","title":{"rendered":"Nachrichten"},"content":{"rendered":"","protected":false},"excerpt":{"rendered":"","protected":false},"author":3,"featured_media":0,"parent":0,"menu_order":0,"comment_status":"closed","ping_status":"closed","template":"redesign-newsroom.php","meta":{"_acf_changed":false,"footnotes":""},"class_list":["post-11547","page","type-page","status-publish","hentry"],"acf":[],"yoast_head":"<!-- This site is optimized with the Yoast SEO plugin v27.2 - https:\/\/yoast.com\/product\/yoast-seo-wordpress\/ -->\n<title>KPIT Technologies Latest news and updates<\/title>\n<meta name=\"description\" content=\"Future mobility services for SDVs, EVs. Know more KPIT Technologies news, Awards &amp; Recognition, KPIT quarterly results. Newsroom Highlights\" \/>\n<meta name=\"robots\" content=\"noindex, follow, max-snippet:-1, max-image-preview:large, max-video-preview:-1\" \/>\n<meta property=\"og:locale\" content=\"de_DE\" \/>\n<meta property=\"og:type\" content=\"article\" \/>\n<meta property=\"og:title\" content=\"KPIT Technologies Latest news and updates\" \/>\n<meta property=\"og:description\" content=\"Future mobility services for SDVs, EVs. Know more KPIT Technologies news, Awards &amp; Recognition, KPIT quarterly results. Newsroom Highlights\" \/>\n<meta property=\"og:url\" content=\"https:\/\/developmentuat.kpit.com\/de-de\/newsroom\/\" \/>\n<meta property=\"og:site_name\" content=\"KPIT\" \/>\n<meta property=\"article:modified_time\" content=\"2024-04-29T10:01:55+00:00\" \/>\n<meta name=\"twitter:card\" content=\"summary_large_image\" \/>\n<script type=\"application\/ld+json\" class=\"yoast-schema-graph\">{\"@context\":\"https:\/\/schema.org\",\"@graph\":[{\"@type\":\"WebPage\",\"@id\":\"https:\/\/developmentuat.kpit.com\/newsroom\/\",\"url\":\"https:\/\/developmentuat.kpit.com\/newsroom\/\",\"name\":\"KPIT Technologies Latest news and updates\",\"isPartOf\":{\"@id\":\"https:\/\/developmentuat.kpit.com\/#website\"},\"datePublished\":\"2021-11-19T09:18:21+00:00\",\"dateModified\":\"2024-04-29T10:01:55+00:00\",\"description\":\"Future mobility services for SDVs, EVs. Know more KPIT Technologies news, Awards & Recognition, KPIT quarterly results. Newsroom Highlights\",\"breadcrumb\":{\"@id\":\"https:\/\/developmentuat.kpit.com\/newsroom\/#breadcrumb\"},\"inLanguage\":\"de\",\"potentialAction\":[{\"@type\":\"ReadAction\",\"target\":[\"https:\/\/developmentuat.kpit.com\/newsroom\/\"]}]},{\"@type\":\"BreadcrumbList\",\"@id\":\"https:\/\/developmentuat.kpit.com\/newsroom\/#breadcrumb\",\"itemListElement\":[{\"@type\":\"ListItem\",\"position\":1,\"name\":\"Home\",\"item\":\"https:\/\/developmentuat.kpit.com\/\"},{\"@type\":\"ListItem\",\"position\":2,\"name\":\"Newsroom\"}]},{\"@type\":\"WebSite\",\"@id\":\"https:\/\/developmentuat.kpit.com\/#website\",\"url\":\"https:\/\/developmentuat.kpit.com\/\",\"name\":\"KPIT\",\"description\":\"Technology, Mobility, Software, Automotive\",\"potentialAction\":[{\"@type\":\"SearchAction\",\"target\":{\"@type\":\"EntryPoint\",\"urlTemplate\":\"https:\/\/developmentuat.kpit.com\/?s={search_term_string}\"},\"query-input\":{\"@type\":\"PropertyValueSpecification\",\"valueRequired\":true,\"valueName\":\"search_term_string\"}}],\"inLanguage\":\"de\"}]}<\/script>\n<!-- \/ Yoast SEO plugin. -->","yoast_head_json":{"title":"KPIT Technologies Aktuelle Nachrichten und Updates","description":"Zuk\u00fcnftige Mobilit\u00e4tsdienste f\u00fcr SDVs und Elektrofahrzeuge. Erfahren Sie mehr \u00fcber Neuigkeiten zu KPIT Technologies, Auszeichnungen und Anerkennungen sowie die viertelj\u00e4hrlichen Ergebnisse von KPIT. Highlights der Nachrichtenredaktion","robots":{"index":"noindex","follow":"follow","max-snippet":"max-snippet:-1","max-image-preview":"max-image-preview:large","max-video-preview":"max-video-preview:-1"},"og_locale":"de_DE","og_type":"article","og_title":"KPIT Technologies Latest news and updates","og_description":"Future mobility services for SDVs, EVs. Know more KPIT Technologies news, Awards & Recognition, KPIT quarterly results. Newsroom Highlights","og_url":"https:\/\/developmentuat.kpit.com\/de-de\/newsroom\/","og_site_name":"KPIT","article_modified_time":"2024-04-29T10:01:55+00:00","twitter_card":"summary_large_image","schema":{"@context":"https:\/\/schema.org","@graph":[{"@type":"WebPage","@id":"https:\/\/developmentuat.kpit.com\/newsroom\/","url":"https:\/\/developmentuat.kpit.com\/newsroom\/","name":"KPIT Technologies Aktuelle Nachrichten und Updates","isPartOf":{"@id":"https:\/\/developmentuat.kpit.com\/#website"},"datePublished":"2021-11-19T09:18:21+00:00","dateModified":"2024-04-29T10:01:55+00:00","description":"Zuk\u00fcnftige Mobilit\u00e4tsdienste f\u00fcr SDVs und Elektrofahrzeuge. Erfahren Sie mehr \u00fcber Neuigkeiten zu KPIT Technologies, Auszeichnungen und Anerkennungen sowie die viertelj\u00e4hrlichen Ergebnisse von KPIT. Highlights der Nachrichtenredaktion","breadcrumb":{"@id":"https:\/\/developmentuat.kpit.com\/newsroom\/#breadcrumb"},"inLanguage":"de","potentialAction":[{"@type":"ReadAction","target":["https:\/\/developmentuat.kpit.com\/newsroom\/"]}]},{"@type":"BreadcrumbList","@id":"https:\/\/developmentuat.kpit.com\/newsroom\/#breadcrumb","itemListElement":[{"@type":"ListItem","position":1,"name":"Home","item":"https:\/\/developmentuat.kpit.com\/"},{"@type":"ListItem","position":2,"name":"Newsroom"}]},{"@type":"WebSite","@id":"https:\/\/developmentuat.kpit.com\/#website","url":"https:\/\/developmentuat.kpit.com\/","name":"KPIT","description":"Technologie, Mobilit\u00e4t, Software, Automotive","potentialAction":[{"@type":"SearchAction","target":{"@type":"EntryPoint","urlTemplate":"https:\/\/developmentuat.kpit.com\/?s={search_term_string}"},"query-input":{"@type":"PropertyValueSpecification","valueRequired":true,"valueName":"search_term_string"}}],"inLanguage":"de"}]}},"_links":{"self":[{"href":"https:\/\/developmentuat.kpit.com\/de-de\/wp-json\/wp\/v2\/pages\/11547","targetHints":{"allow":["GET"]}}],"collection":[{"href":"https:\/\/developmentuat.kpit.com\/de-de\/wp-json\/wp\/v2\/pages"}],"about":[{"href":"https:\/\/developmentuat.kpit.com\/de-de\/wp-json\/wp\/v2\/types\/page"}],"author":[{"embeddable":true,"href":"https:\/\/developmentuat.kpit.com\/de-de\/wp-json\/wp\/v2\/users\/3"}],"replies":[{"embeddable":true,"href":"https:\/\/developmentuat.kpit.com\/de-de\/wp-json\/wp\/v2\/comments?post=11547"}],"version-history":[{"count":11,"href":"https:\/\/developmentuat.kpit.com\/de-de\/wp-json\/wp\/v2\/pages\/11547\/revisions"}],"predecessor-version":[{"id":21842,"href":"https:\/\/developmentuat.kpit.com\/de-de\/wp-json\/wp\/v2\/pages\/11547\/revisions\/21842"}],"wp:attachment":[{"href":"https:\/\/developmentuat.kpit.com\/de-de\/wp-json\/wp\/v2\/media?parent=11547"}],"curies":[{"name":"wp","href":"https:\/\/api.w.org\/{rel}","templated":true}]}}